{"id":535,"date":"2020-06-08T10:01:34","date_gmt":"2020-06-08T10:01:34","guid":{"rendered":"https:\/\/www.viamedsalud.com\/losjazmines\/?page_id=535"},"modified":"2024-11-14T11:46:10","modified_gmt":"2024-11-14T09:46:10","slug":"calidad","status":"publish","type":"page","link":"https:\/\/www.viamedsalud.com\/losjazmines\/calidad\/","title":{"rendered":"Calidad"},"content":{"rendered":"<p><div class=\"fusion-fullwidth fullwidth-box fusion-builder-row-1 fusion-flex-container has-pattern-background has-mask-background hundred-percent-fullwidth non-hundred-percent-height-scrolling\" style=\"--awb-border-radius-top-left:0px;--awb-border-radius-top-right:0px;--awb-border-radius-bottom-right:0px;--awb-border-radius-bottom-left:0px;--awb-padding-right:0px;--awb-padding-left:0px;--awb-flex-wrap:wrap;\" ><div class=\"fusion-builder-row fusion-row fusion-flex-align-items-flex-start fusion-flex-content-wrap\" style=\"width:104% !important;max-width:104% !important;margin-left: calc(-4% \/ 2 );margin-right: calc(-4% \/ 2 );\"><div class=\"fusion-layout-column fusion_builder_column fusion-builder-column-0 fusion_builder_column_1_1 1_1 fusion-flex-column\" style=\"--awb-bg-size:cover;--awb-width-large:100%;--awb-margin-top-large:0px;--awb-spacing-right-large:1.92%;--awb-margin-bottom-large:20px;--awb-spacing-left-large:1.92%;--awb-width-medium:100%;--awb-order-medium:0;--awb-spacing-right-medium:1.92%;--awb-spacing-left-medium:1.92%;--awb-width-small:100%;--awb-order-small:0;--awb-spacing-right-small:1.92%;--awb-spacing-left-small:1.92%;\" data-scroll-devices=\"small-visibility,medium-visibility,large-visibility\"><div class=\"fusion-column-wrapper fusion-column-has-shadow fusion-flex-justify-content-flex-start fusion-content-layout-column\"><!--  SLIDER  -->\n<div id=\"img-content\">\n\t<div class=\"img-page_title quienes-somos-title\" style=\"background-image: linear-gradient(to right, #27aae1c4 35%, rgba(255, 0, 0, 0) 55%), url(\/wp-content\/uploads\/sites\/3\/2024\/11\/banner-calidad.jpg);border-bottom: 8px solid #27aae1;\">\n\t\t<div class=\"img-page-title-row\">\n\t\t\t<div class=\"img-page-title-wrapper\">\n\t\t\t\t<div class=\"img-page-title-captions\" style=\"display: block;text-align: left;\">\n\t\t\t\t\t<h1 class=\"title fusion-responsive-typography-calculated\" style=\"width: 40%; padding-left: 30px; font-size: 70px;line-height: initial;font-style: normal !important;color: white !important;--fontSize: 34;\" data-fontsize=\"70\" data-lineheight=\"normal\">CALIDAD<\/h1>\n\t\t\t\t<\/div>\n\t\t\t<\/div>\n\t\t<\/div>\n\t<\/div>\n<\/div><\/div><\/div><\/div><\/div><div class=\"fusion-fullwidth fullwidth-box fusion-builder-row-2 fusion-flex-container has-pattern-background has-mask-background nonhundred-percent-fullwidth non-hundred-percent-height-scrolling fusion-custom-z-index\" style=\"--awb-border-radius-top-left:0px;--awb-border-radius-top-right:0px;--awb-border-radius-bottom-right:0px;--awb-border-radius-bottom-left:0px;--awb-z-index:0;--awb-padding-top:60px;--awb-padding-right:10%;--awb-padding-bottom:0px;--awb-padding-left:10%;--awb-padding-top-medium:30px;--awb-padding-right-medium:8%;--awb-padding-bottom-medium:30px;--awb-padding-left-medium:8%;--awb-padding-right-small:5%;--awb-padding-bottom-small:0px;--awb-padding-left-small:6%;--awb-margin-top:0px;--awb-margin-bottom:0px;--awb-flex-wrap:wrap;\" ><div class=\"fusion-builder-row fusion-row fusion-flex-align-items-center fusion-flex-content-wrap\" style=\"max-width:1248px;margin-left: calc(-4% \/ 2 );margin-right: calc(-4% \/ 2 );\"><div class=\"fusion-layout-column fusion_builder_column fusion-builder-column-1 fusion_builder_column_1_1 1_1 fusion-flex-column fusion-flex-align-self-center\" style=\"--awb-bg-size:cover;--awb-width-large:100%;--awb-margin-top-large:0px;--awb-spacing-right-large:1.92%;--awb-margin-bottom-large:20px;--awb-spacing-left-large:1.92%;--awb-width-medium:100%;--awb-order-medium:0;--awb-spacing-right-medium:1.92%;--awb-spacing-left-medium:1.92%;--awb-width-small:100%;--awb-order-small:0;--awb-spacing-right-small:1.92%;--awb-spacing-left-small:1.92%;\" data-scroll-devices=\"small-visibility,medium-visibility,large-visibility\"><div class=\"fusion-column-wrapper fusion-column-has-shadow fusion-flex-justify-content-center fusion-content-layout-column\"><div class=\"fusion-builder-row fusion-builder-row-inner fusion-row fusion-flex-align-items-center fusion-flex-content-wrap\" style=\"--awb-flex-grow:0;--awb-flex-grow-medium:0;--awb-flex-grow-small:0;--awb-flex-shrink:0;--awb-flex-shrink-medium:0;--awb-flex-shrink-small:0;width:104% !important;max-width:104% !important;margin-left: calc(-4% \/ 2 );margin-right: calc(-4% \/ 2 );\"><div class=\"fusion-layout-column fusion_builder_column_inner fusion-builder-nested-column-0 fusion_builder_column_inner_1_2 1_2 fusion-flex-column\" style=\"--awb-padding-right:60px;--awb-padding-right-small:20px;--awb-bg-size:cover;--awb-border-color:#00b2e3;--awb-border-right:4px;--awb-border-style:solid;--awb-width-large:50%;--awb-margin-top-large:0px;--awb-spacing-right-large:3.84%;--awb-margin-bottom-large:20px;--awb-spacing-left-large:3.84%;--awb-width-medium:60%;--awb-order-medium:0;--awb-spacing-right-medium:3.2%;--awb-spacing-left-medium:3.2%;--awb-width-small:100%;--awb-order-small:0;--awb-spacing-right-small:1.92%;--awb-margin-bottom-small:20px;--awb-spacing-left-small:1.92%;\"><div class=\"fusion-column-wrapper fusion-column-has-shadow fusion-flex-justify-content-flex-start fusion-content-layout-column\"><div class=\"fusion-text fusion-text-1\" style=\"--awb-content-alignment:left;--awb-font-size:clamp(18px, 1vw, 22px);--awb-line-height:1.3;\"><p>En Residencia Viamed Los Jazmines est\u00e1 comprometido con la excelencia en todos sus servicios. Nuestro compromiso de calidad se basa en hacer las cosas bien, a la primera y con la m\u00e1xima seguridad pensando siempre en el paciente, nuestra verdadera vocaci\u00f3n.<\/p>\n<\/div><\/div><\/div><div class=\"fusion-layout-column fusion_builder_column_inner fusion-builder-nested-column-1 fusion_builder_column_inner_1_2 1_2 fusion-flex-column\" style=\"--awb-padding-left:30px;--awb-padding-left-small:0px;--awb-bg-size:cover;--awb-width-large:50%;--awb-margin-top-large:1.9%;--awb-spacing-right-large:3.648%;--awb-margin-bottom-large:1.9%;--awb-spacing-left-large:0px;--awb-width-medium:40%;--awb-order-medium:0;--awb-spacing-right-medium:4.56%;--awb-spacing-left-medium:0px;--awb-width-small:100%;--awb-order-small:0;--awb-margin-top-small:0px;--awb-spacing-right-small:1.92%;--awb-spacing-left-small:1.92%;\"><div class=\"fusion-column-wrapper fusion-column-has-shadow fusion-flex-justify-content-flex-start fusion-content-layout-column\"><div class=\"fusion-text fusion-text-2\" style=\"--awb-content-alignment:left;--awb-font-size:clamp(20px, 1vw, 25px);--awb-line-height:1.3;--awb-text-color:#003a5d;--awb-text-font-family:&quot;FiraSans-Medium&quot;;--awb-text-font-style:normal;--awb-text-font-weight:400;\"><p>Pero no lo decimos nosotros. Las certificaciones obtenidas a lo largo de estos a\u00f1os en en el \u00e1mbito de la calidad corroboran nuestro compromiso:<\/p>\n<\/div><\/div><\/div><\/div><\/div><\/div><\/div><\/div><div class=\"fusion-fullwidth fullwidth-box fusion-builder-row-3 fusion-flex-container has-pattern-background has-mask-background hundred-percent-fullwidth non-hundred-percent-height-scrolling fusion-custom-z-index\" style=\"--awb-border-radius-top-left:0px;--awb-border-radius-top-right:0px;--awb-border-radius-bottom-right:0px;--awb-border-radius-bottom-left:0px;--awb-z-index:0;--awb-padding-right:4%;--awb-padding-left:4%;--awb-padding-right-medium:8%;--awb-padding-left-medium:8%;--awb-margin-top:0px;--awb-flex-wrap:wrap;--awb-flex-wrap-medium:wrap;\" ><div class=\"fusion-builder-row fusion-row fusion-flex-align-items-flex-start fusion-flex-content-wrap\" style=\"width:104% !important;max-width:104% !important;margin-left: calc(-4% \/ 2 );margin-right: calc(-4% \/ 2 );\"><div class=\"fusion-layout-column fusion_builder_column fusion-builder-column-2 fusion_builder_column_1_4 1_4 fusion-flex-column\" style=\"--awb-bg-size:cover;--awb-width-large:25%;--awb-margin-top-large:0px;--awb-spacing-right-large:7.68%;--awb-margin-bottom-large:20px;--awb-spacing-left-large:2px;--awb-width-medium:33.333333333333%;--awb-order-medium:0;--awb-spacing-right-medium:5.76%;--awb-spacing-left-medium:2px;--awb-width-small:100%;--awb-order-small:0;--awb-spacing-right-small:1.92%;--awb-spacing-left-small:2px;\" data-scroll-devices=\"small-visibility,medium-visibility,large-visibility\"><div class=\"fusion-column-wrapper fusion-column-has-shadow fusion-flex-justify-content-flex-start fusion-content-layout-column\"><div class=\"fusion-image-element \" style=\"text-align:center;--awb-caption-title-font-family:var(--h2_typography-font-family);--awb-caption-title-font-weight:var(--h2_typography-font-weight);--awb-caption-title-font-style:var(--h2_typography-font-style);--awb-caption-title-size:var(--h2_typography-font-size);--awb-caption-title-transform:var(--h2_typography-text-transform);--awb-caption-title-line-height:var(--h2_typography-line-height);--awb-caption-title-letter-spacing:var(--h2_typography-letter-spacing);\"><span class=\" fusion-imageframe imageframe-none imageframe-1 hover-type-none certi\"><img decoding=\"async\" width=\"358\" height=\"200\" alt=\"Certificado ISO 14001\" title=\"ISO9001\" src=\"https:\/\/www.viamedsalud.com\/losjazmines\/wp-content\/uploads\/sites\/14\/2023\/02\/ISO9001.png\" class=\"img-responsive wp-image-2524\" srcset=\"https:\/\/www.viamedsalud.com\/losjazmines\/wp-content\/uploads\/sites\/14\/2023\/02\/ISO9001-200x112.png 200w, https:\/\/www.viamedsalud.com\/losjazmines\/wp-content\/uploads\/sites\/14\/2023\/02\/ISO9001.png 358w\" sizes=\"(max-width: 1024px) 100vw, (max-width: 640px) 100vw, 358px\" \/><\/span><\/div><div class=\"fusion-text fusion-text-3 contenedorVerCert\"><p><span class=\"tituloCert\">UNE-EN ISO 9001:2015<br \/>\nGesti\u00f3n de la Calidad de la organizaci\u00f3n<\/span><br \/>\n<a class=\"botonCerti\" href=\"https:\/\/www.viamedsalud.com\/losjazmines\/wp-content\/uploads\/sites\/14\/2023\/02\/EC-10968_22-INI-2022_signed.pdf\" target=\"_blank\" rel=\"noopener noreferrer\">Ver certificado<\/a><\/p>\n<\/div><\/div><\/div><div class=\"fusion-layout-column fusion_builder_column fusion-builder-column-3 fusion_builder_column_1_4 1_4 fusion-flex-column\" style=\"--awb-bg-size:cover;--awb-width-large:25%;--awb-margin-top-large:0px;--awb-spacing-right-large:7.68%;--awb-margin-bottom-large:20px;--awb-spacing-left-large:2px;--awb-width-medium:33.333333333333%;--awb-order-medium:0;--awb-spacing-right-medium:5.76%;--awb-spacing-left-medium:2px;--awb-width-small:100%;--awb-order-small:0;--awb-spacing-right-small:1.92%;--awb-spacing-left-small:2px;\" data-scroll-devices=\"small-visibility,medium-visibility,large-visibility\"><div class=\"fusion-column-wrapper fusion-column-has-shadow fusion-flex-justify-content-flex-start fusion-content-layout-column\"><div class=\"fusion-image-element \" style=\"text-align:center;--awb-caption-title-font-family:var(--h2_typography-font-family);--awb-caption-title-font-weight:var(--h2_typography-font-weight);--awb-caption-title-font-style:var(--h2_typography-font-style);--awb-caption-title-size:var(--h2_typography-font-size);--awb-caption-title-transform:var(--h2_typography-text-transform);--awb-caption-title-line-height:var(--h2_typography-line-height);--awb-caption-title-letter-spacing:var(--h2_typography-letter-spacing);\"><span class=\" fusion-imageframe imageframe-none imageframe-2 hover-type-none certi\"><img decoding=\"async\" width=\"358\" height=\"200\" alt=\"Certificado ISO 14001\" title=\"une\" src=\"https:\/\/www.viamedsalud.com\/losjazmines\/wp-content\/uploads\/sites\/14\/2020\/10\/une.png\" class=\"img-responsive wp-image-1699\" srcset=\"https:\/\/www.viamedsalud.com\/losjazmines\/wp-content\/uploads\/sites\/14\/2020\/10\/une-200x112.png 200w, https:\/\/www.viamedsalud.com\/losjazmines\/wp-content\/uploads\/sites\/14\/2020\/10\/une.png 358w\" sizes=\"(max-width: 1024px) 100vw, (max-width: 640px) 100vw, 358px\" \/><\/span><\/div><div class=\"fusion-text fusion-text-4 contenedorVerCert\"><p><span class=\"tituloCert\">UNE 179003:2013<br \/>\nSeguridad del paciente<\/span><br \/>\n<a class=\"botonCerti\" href=\"https:\/\/www.viamedsalud.com\/losjazmines\/wp-content\/uploads\/sites\/14\/2023\/02\/GRS-0102_22-INI-2022_signed.pdf\">Ver certificado<\/a><\/p>\n<\/div><\/div><\/div><div class=\"fusion-layout-column fusion_builder_column fusion-builder-column-4 fusion_builder_column_1_4 1_4 fusion-flex-column\" style=\"--awb-bg-size:cover;--awb-width-large:25%;--awb-margin-top-large:0px;--awb-spacing-right-large:7.68%;--awb-margin-bottom-large:20px;--awb-spacing-left-large:2px;--awb-width-medium:33.333333333333%;--awb-order-medium:0;--awb-spacing-right-medium:5.76%;--awb-spacing-left-medium:2px;--awb-width-small:100%;--awb-order-small:0;--awb-spacing-right-small:1.92%;--awb-spacing-left-small:2px;\" data-scroll-devices=\"small-visibility,medium-visibility,large-visibility\"><div class=\"fusion-column-wrapper fusion-column-has-shadow fusion-flex-justify-content-flex-start fusion-content-layout-column\"><div class=\"fusion-image-element \" style=\"text-align:center;--awb-caption-title-font-family:var(--h2_typography-font-family);--awb-caption-title-font-weight:var(--h2_typography-font-weight);--awb-caption-title-font-style:var(--h2_typography-font-style);--awb-caption-title-size:var(--h2_typography-font-size);--awb-caption-title-transform:var(--h2_typography-text-transform);--awb-caption-title-line-height:var(--h2_typography-line-height);--awb-caption-title-letter-spacing:var(--h2_typography-letter-spacing);\"><span class=\" fusion-imageframe imageframe-none imageframe-3 hover-type-none certi\"><img decoding=\"async\" width=\"358\" height=\"200\" alt=\"Certificado ISO 14001\" title=\"UNE158101\" src=\"https:\/\/www.viamedsalud.com\/losjazmines\/wp-content\/uploads\/sites\/14\/2023\/02\/UNE158101.png\" class=\"img-responsive wp-image-2531\" srcset=\"https:\/\/www.viamedsalud.com\/losjazmines\/wp-content\/uploads\/sites\/14\/2023\/02\/UNE158101-200x112.png 200w, https:\/\/www.viamedsalud.com\/losjazmines\/wp-content\/uploads\/sites\/14\/2023\/02\/UNE158101.png 358w\" sizes=\"(max-width: 1024px) 100vw, (max-width: 640px) 100vw, 358px\" \/><\/span><\/div><div class=\"fusion-text fusion-text-5 contenedorVerCert\"><p><span class=\"tituloCert\">UNE 158101:2015<br \/>\nGesti\u00f3n de Centros Residenciales<\/span><br \/>\n<a class=\"botonCerti\" href=\"https:\/\/www.viamedsalud.com\/losjazmines\/wp-content\/uploads\/sites\/14\/2023\/02\/JAZ_UNE-158101-CR-0069_22-INI-2022.pdf\">Ver certificado<\/a><\/p>\n<\/div><\/div><\/div><div class=\"fusion-layout-column fusion_builder_column fusion-builder-column-5 fusion_builder_column_1_4 1_4 fusion-flex-column\" style=\"--awb-bg-size:cover;--awb-width-large:25%;--awb-margin-top-large:0px;--awb-spacing-right-large:7.68%;--awb-margin-bottom-large:20px;--awb-spacing-left-large:2px;--awb-width-medium:33.333333333333%;--awb-order-medium:0;--awb-spacing-right-medium:5.76%;--awb-spacing-left-medium:2px;--awb-width-small:100%;--awb-order-small:0;--awb-spacing-right-small:1.92%;--awb-spacing-left-small:2px;\" data-scroll-devices=\"small-visibility,medium-visibility,large-visibility\"><div class=\"fusion-column-wrapper fusion-column-has-shadow fusion-flex-justify-content-flex-start fusion-content-layout-column\"><div class=\"fusion-image-element \" style=\"text-align:center;--awb-caption-title-font-family:var(--h2_typography-font-family);--awb-caption-title-font-weight:var(--h2_typography-font-weight);--awb-caption-title-font-style:var(--h2_typography-font-style);--awb-caption-title-size:var(--h2_typography-font-size);--awb-caption-title-transform:var(--h2_typography-text-transform);--awb-caption-title-line-height:var(--h2_typography-line-height);--awb-caption-title-letter-spacing:var(--h2_typography-letter-spacing);\"><span class=\" fusion-imageframe imageframe-none imageframe-4 hover-type-none certi\"><img decoding=\"async\" width=\"358\" height=\"200\" alt=\"Certificado ISO 14001\" title=\"applus45001\" src=\"https:\/\/www.viamedsalud.com\/losjazmines\/wp-content\/uploads\/sites\/14\/2023\/12\/applus45001.png\" class=\"img-responsive wp-image-2576\" srcset=\"https:\/\/www.viamedsalud.com\/losjazmines\/wp-content\/uploads\/sites\/14\/2023\/12\/applus45001-200x112.png 200w, https:\/\/www.viamedsalud.com\/losjazmines\/wp-content\/uploads\/sites\/14\/2023\/12\/applus45001.png 358w\" sizes=\"(max-width: 1024px) 100vw, (max-width: 640px) 100vw, 358px\" \/><\/span><\/div><div class=\"fusion-text fusion-text-6 contenedorVerCert\"><p><span class=\"tituloCert\">ISO 45001:2018<br \/>\nGesti\u00f3n de Prevenci\u00f3n de Riesgos Laborales<\/span><br \/>\n<a class=\"botonCerti\" href=\"\/losjazmines\/wp-content\/uploads\/sites\/14\/2023\/12\/ISO-45001-cast-VIAMED-SALUD.pdf\">Ver certificado<\/a><\/p>\n<\/div><\/div><\/div><div class=\"fusion-layout-column fusion_builder_column fusion-builder-column-6 fusion_builder_column_1_4 1_4 fusion-flex-column\" style=\"--awb-bg-size:cover;--awb-width-large:25%;--awb-margin-top-large:0px;--awb-spacing-right-large:7.68%;--awb-margin-bottom-large:20px;--awb-spacing-left-large:2px;--awb-width-medium:33.333333333333%;--awb-order-medium:0;--awb-spacing-right-medium:5.76%;--awb-spacing-left-medium:2px;--awb-width-small:100%;--awb-order-small:0;--awb-spacing-right-small:1.92%;--awb-spacing-left-small:2px;\" data-scroll-devices=\"small-visibility,medium-visibility,large-visibility\"><div class=\"fusion-column-wrapper fusion-column-has-shadow fusion-flex-justify-content-flex-start fusion-content-layout-column\"><div class=\"fusion-image-element \" style=\"text-align:center;--awb-caption-title-font-family:var(--h2_typography-font-family);--awb-caption-title-font-weight:var(--h2_typography-font-weight);--awb-caption-title-font-style:var(--h2_typography-font-style);--awb-caption-title-size:var(--h2_typography-font-size);--awb-caption-title-transform:var(--h2_typography-text-transform);--awb-caption-title-line-height:var(--h2_typography-line-height);--awb-caption-title-letter-spacing:var(--h2_typography-letter-spacing);\"><span class=\" fusion-imageframe imageframe-none imageframe-5 hover-type-none certi\"><img decoding=\"async\" width=\"4683\" height=\"2190\" alt=\"Certificado ISO 14001\" title=\"logoeviamed\" src=\"https:\/\/www.viamedsalud.com\/losjazmines\/wp-content\/uploads\/sites\/14\/2021\/06\/logoeviamed.png\" class=\"img-responsive wp-image-2221\" srcset=\"https:\/\/www.viamedsalud.com\/losjazmines\/wp-content\/uploads\/sites\/14\/2021\/06\/logoeviamed-200x94.png 200w, https:\/\/www.viamedsalud.com\/losjazmines\/wp-content\/uploads\/sites\/14\/2021\/06\/logoeviamed-400x187.png 400w, https:\/\/www.viamedsalud.com\/losjazmines\/wp-content\/uploads\/sites\/14\/2021\/06\/logoeviamed-600x281.png 600w, https:\/\/www.viamedsalud.com\/losjazmines\/wp-content\/uploads\/sites\/14\/2021\/06\/logoeviamed-800x374.png 800w, https:\/\/www.viamedsalud.com\/losjazmines\/wp-content\/uploads\/sites\/14\/2021\/06\/logoeviamed-1200x561.png 1200w, https:\/\/www.viamedsalud.com\/losjazmines\/wp-content\/uploads\/sites\/14\/2021\/06\/logoeviamed.png 4683w\" sizes=\"(max-width: 1024px) 100vw, (max-width: 640px) 100vw, 400px\" \/><\/span><\/div><div class=\"fusion-text fusion-text-7 contenedorVerCert\"><p><span class=\"tituloCert\">Plan EVIAMED30<\/span><br \/>\n<a class=\"botonCerti\" href=\"\/wp-content\/uploads\/2021\/06\/Planeviamed.pdf\">Descargar PDF<\/a><\/p>\n<\/div><\/div><\/div><\/div><\/div><div class=\"fusion-fullwidth fullwidth-box fusion-builder-row-4 fusion-flex-container has-pattern-background has-mask-background hundred-percent-fullwidth non-hundred-percent-height-scrolling fusion-custom-z-index\" style=\"--awb-border-radius-top-left:0px;--awb-border-radius-top-right:0px;--awb-border-radius-bottom-right:0px;--awb-border-radius-bottom-left:0px;--awb-z-index:0;--awb-padding-right:0px;--awb-padding-bottom:0px;--awb-padding-left:0px;--awb-margin-bottom:0px;--awb-background-color:#ececec;--awb-flex-wrap:wrap;\" ><div class=\"fusion-builder-row fusion-row fusion-flex-align-items-stretch fusion-flex-content-wrap\" style=\"width:calc( 100% + 0px ) !important;max-width:calc( 100% + 0px ) !important;margin-left: calc(-0px \/ 2 );margin-right: calc(-0px \/ 2 );\"><div class=\"fusion-layout-column fusion_builder_column fusion-builder-column-7 fusion_builder_column_1_2 1_2 fusion-flex-column padding-container-calidad\" style=\"--awb-z-index:0;--awb-padding-top:40px;--awb-padding-right:100px;--awb-padding-bottom:40px;--awb-padding-left:200px;--awb-padding-top-medium:20px;--awb-padding-right-medium:30px;--awb-padding-bottom-medium:20px;--awb-padding-left-medium:60px;--awb-padding-top-small:30px;--awb-padding-right-small:8%;--awb-padding-bottom-small:30px;--awb-padding-left-small:8%;--awb-bg-color:#ececec;--awb-bg-color-hover:#ececec;--awb-bg-size:cover;--awb-width-large:50%;--awb-margin-top-large:0px;--awb-spacing-right-large:0px;--awb-margin-bottom-large:0px;--awb-spacing-left-large:0px;--awb-width-medium:50%;--awb-order-medium:0;--awb-spacing-right-medium:0px;--awb-spacing-left-medium:0px;--awb-width-small:100%;--awb-order-small:0;--awb-spacing-right-small:0px;--awb-spacing-left-small:0px;\" data-scroll-devices=\"small-visibility,medium-visibility,large-visibility\"><div class=\"fusion-column-wrapper fusion-column-has-shadow fusion-flex-justify-content-flex-start fusion-content-layout-column\"><div class=\"fusion-text fusion-text-8 fusion-text-no-margin\" style=\"--awb-font-size:clamp(16px, 1vw, 18px);\"><p><span style=\"color: #777777;\">Viamed es una empresa comprometida con la seguridad. Tal como reza nuestra misi\u00f3n, visi\u00f3n y valores, queremos que nuestros hospitales y centros garanticen la m\u00e1xima seguridad para nuestros pacientes y residentes, canalizando toda la energ\u00eda y fuerza de nuestros trabajadores para alcanzar nuestro m\u00e1ximo potencial.<\/span><\/p>\n<p><span style=\"color: #777777;\">En los centros Viamed trabajamos poniendo siempre en primer lugar la seguridad del paciente. Todos nuestros hospitales est\u00e1n certificados en la norma UNE 179003 (\u201cGesti\u00f3n de riesgos para la seguridad del paciente\u201d) lo que demuestra que este intenso trabajo se traduce en un sistema fiable y objetivo para que esa seguridad sea una realidad palpable a diario.<\/span><\/p>\n<p><span style=\"color: #777777;\">En el hospital Viamed Los Jazmines, contamos, adem\u00e1s, con una <a href=\"\/wp-content\/uploads\/sites\/14\/2022\/01\/VIA_PO_0107-Politica-de-Calidad-Medio-Ambiente-y-Seguridad_firmadacolor-1.pdf\" target=\"_blank\" rel=\"noopener noreferrer\">pol\u00edtica de calidad, medio ambiente y seguridad<\/a> dirigida al servicio ofrecido a todos nuestros pacientes.<\/span><\/p>\n<\/div><\/div><\/div><div class=\"fusion-layout-column fusion_builder_column fusion-builder-column-8 fusion_builder_column_1_2 1_2 fusion-flex-column\" style=\"--awb-z-index:0;--awb-padding-right:0px;--awb-padding-bottom:0px;--awb-padding-left:0px;--awb-bg-image:url(&#039;https:\/\/www.viamedsalud.com\/hospital-santa-angela-de-la-cruz\/wp-content\/uploads\/sites\/3\/2024\/11\/calidad-hospital.jpg&#039;);--awb-bg-position:center bottom;--awb-bg-size:cover;--awb-width-large:50%;--awb-margin-top-large:0px;--awb-spacing-right-large:0px;--awb-margin-bottom-large:0px;--awb-spacing-left-large:0px;--awb-width-medium:50%;--awb-order-medium:0;--awb-spacing-right-medium:0px;--awb-spacing-left-medium:0px;--awb-width-small:100%;--awb-order-small:0;--awb-spacing-right-small:0px;--awb-spacing-left-small:0px;\" data-scroll-devices=\"small-visibility,medium-visibility,large-visibility\"><div class=\"fusion-column-wrapper fusion-column-has-shadow fusion-flex-justify-content-flex-start fusion-content-layout-column fusion-empty-column-bg-image fusion-column-has-bg-image\" data-bg-url=\"https:\/\/www.viamedsalud.com\/hospital-santa-angela-de-la-cruz\/wp-content\/uploads\/sites\/3\/2024\/11\/calidad-hospital.jpg\"><img decoding=\"async\" class=\"fusion-empty-dims-img-placeholder fusion-no-large-visibility fusion-no-medium-visibility\" src=\"data:image\/gif;base64,R0lGODlhAQABAAAAACH5BAEKAAEALAAAAAABAAEAAAICTAEAOw==\"><\/div><\/div><\/div><\/div><\/p>\n","protected":false},"excerpt":{"rendered":"","protected":false},"author":1,"featured_media":0,"parent":0,"menu_order":0,"comment_status":"closed","ping_status":"closed","template":"100-width.php","meta":{"_acf_changed":false,"footnotes":""},"class_list":["post-535","page","type-page","status-publish","hentry"],"acf":[],"aioseo_notices":[],"_links":{"self":[{"href":"https:\/\/www.viamedsalud.com\/losjazmines\/wp-json\/wp\/v2\/pages\/535","targetHints":{"allow":["GET"]}}],"collection":[{"href":"https:\/\/www.viamedsalud.com\/losjazmines\/wp-json\/wp\/v2\/pages"}],"about":[{"href":"https:\/\/www.viamedsalud.com\/losjazmines\/wp-json\/wp\/v2\/types\/page"}],"author":[{"embeddable":true,"href":"https:\/\/www.viamedsalud.com\/losjazmines\/wp-json\/wp\/v2\/users\/1"}],"replies":[{"embeddable":true,"href":"https:\/\/www.viamedsalud.com\/losjazmines\/wp-json\/wp\/v2\/comments?post=535"}],"version-history":[{"count":3,"href":"https:\/\/www.viamedsalud.com\/losjazmines\/wp-json\/wp\/v2\/pages\/535\/revisions"}],"predecessor-version":[{"id":2670,"href":"https:\/\/www.viamedsalud.com\/losjazmines\/wp-json\/wp\/v2\/pages\/535\/revisions\/2670"}],"wp:attachment":[{"href":"https:\/\/www.viamedsalud.com\/losjazmines\/wp-json\/wp\/v2\/media?parent=535"}],"curies":[{"name":"wp","href":"https:\/\/api.w.org\/{rel}","templated":true}]}}