{"id":1593,"date":"2020-10-02T10:12:41","date_gmt":"2020-10-02T08:12:41","guid":{"rendered":"http:\/\/www.viamedsalud.com\/santiago\/?page_id=1593"},"modified":"2021-11-18T10:45:29","modified_gmt":"2021-11-18T08:45:29","slug":"centro-medico-los-manzanos","status":"publish","type":"page","link":"https:\/\/www.viamedsalud.com\/hospital-santiago\/centro-medico-los-manzanos\/","title":{"rendered":"Centro m\u00e9dico Los Manzanos"},"content":{"rendered":"<p><div class=\"fusion-fullwidth fullwidth-box fusion-builder-row-1 hundred-percent-fullwidth non-hundred-percent-height-scrolling\" style=\"--awb-border-radius-top-left:0px;--awb-border-radius-top-right:0px;--awb-border-radius-bottom-right:0px;--awb-border-radius-bottom-left:0px;--awb-padding-top:0px;--awb-padding-right:0px;--awb-padding-bottom:0px;--awb-padding-left:0px;--awb-margin-top:0px;--awb-margin-bottom:0px;--awb-flex-wrap:wrap;\" ><div class=\"fusion-builder-row fusion-row\"><div class=\"fusion-layout-column fusion_builder_column fusion-builder-column-0 fusion_builder_column_1_1 1_1 fusion-one-full fusion-column-first fusion-column-last\" style=\"--awb-padding-top:0px;--awb-padding-right:0px;--awb-padding-bottom:0px;--awb-padding-left:0px;--awb-bg-size:cover;--awb-margin-bottom:0px;\"><div class=\"fusion-column-wrapper fusion-column-has-shadow fusion-flex-column-wrapper-legacy\"><div id=\"sliderEspecialidad\" style=\"background-image: url(https:\/\/www.viamedvirgendelapaloma.com\/wp-content\/uploads\/2020\/10\/header-centro-medico-manzanos.jpg); background-repeat: no-repeat; background-size: cover; background-position: center\">\n    <div style=\"height:450px; text-align: center;\">\n    <\/div>\n<\/div><div class=\"fusion-clearfix\"><\/div><\/div><\/div><\/div><\/div><div class=\"fusion-fullwidth fullwidth-box fusion-builder-row-2 nonhundred-percent-fullwidth non-hundred-percent-height-scrolling fusion-equal-height-columns\" style=\"--awb-border-radius-top-left:0px;--awb-border-radius-top-right:0px;--awb-border-radius-bottom-right:0px;--awb-border-radius-bottom-left:0px;--awb-padding-top:60px;--awb-padding-bottom:40px;--awb-flex-wrap:wrap;\" ><div class=\"fusion-builder-row fusion-row\"><div class=\"fusion-layout-column fusion_builder_column fusion-builder-column-1 fusion_builder_column_1_1 1_1 fusion-one-full fusion-column-first fusion-column-last\" style=\"--awb-bg-size:cover;\"><div class=\"fusion-column-wrapper fusion-column-has-shadow fusion-flex-column-wrapper-legacy\"><div class=\"fusion-title title fusion-title-1 fusion-sep-none fusion-title-text fusion-title-size-three\" style=\"--awb-text-color:#1d537a;--awb-margin-top-small:10px;--awb-margin-right-small:0px;--awb-margin-bottom-small:10px;--awb-margin-left-small:0px;\"><h3 class=\"fusion-title-heading title-heading-left\" style=\"margin:0;\">Centro M\u00e9dico Los Manzanos<\/h3><\/div><div class=\"fusion-sep-clear\"><\/div><div class=\"fusion-separator fusion-full-width-sep\" style=\"margin-left: auto;margin-right: auto;margin-bottom:30px;width:100%;\"><div class=\"fusion-separator-border sep-single sep-solid\" style=\"--awb-height:20px;--awb-amount:20px;--awb-sep-color:rgba(29,83,122,0.25);border-color:rgba(29,83,122,0.25);border-top-width:2px;\"><\/div><\/div><div class=\"fusion-sep-clear\"><\/div><div class=\"fusion-text fusion-text-1\"><p>El Centro Viamed Los Manzanos situado en el barrio de Cascajos de Logro\u00f1o est\u00e1 dotado de modernas y luminosas instalaciones distribuidas en un espacio de mil metros cuadrados y dotada de los m\u00e1s modernos equipos t\u00e9cnicos.<\/p>\n<p>En sus instalaciones un equipo multidisciplinar de especialistas trabajan de forma interrelacionada con el fin de optimizar los procesos m\u00e9dicos y acercar a los logro\u00f1eses y riojanos algunas de las especialidades m\u00e1s demandadas y que por sus caracter\u00edsticas pueden ofrecerse desde estas c\u00e9ntricas instalaciones.<\/p>\n<p>El centro ofrece cobertura a todas las compa\u00f1\u00edas y aseguradoras y complementa sus servicios con la oferta asistencial, tecnol\u00f3gica y profesional del Hospital Viamed Los Manzanos.<\/p>\n<\/div><div class=\"fusion-clearfix\"><\/div><\/div><\/div><div class=\"fusion-layout-column fusion_builder_column fusion-builder-column-2 fusion_builder_column_1_1 1_1 fusion-one-full fusion-column-first fusion-column-last\" style=\"--awb-bg-size:cover;\"><div class=\"fusion-column-wrapper fusion-column-has-shadow fusion-flex-column-wrapper-legacy\"><div class=\"fusion-title title fusion-title-2 fusion-sep-none fusion-title-text fusion-title-size-three\" style=\"--awb-text-color:#1d537a;--awb-margin-top-small:10px;--awb-margin-right-small:0px;--awb-margin-bottom-small:10px;--awb-margin-left-small:0px;\"><h3 class=\"fusion-title-heading title-heading-left\" style=\"margin:0;\">Servicios y Especialidades<\/h3><\/div><div class=\"fusion-sep-clear\"><\/div><div class=\"fusion-separator fusion-full-width-sep\" style=\"margin-left: auto;margin-right: auto;margin-bottom:30px;width:100%;\"><div class=\"fusion-separator-border sep-single sep-solid\" style=\"--awb-height:20px;--awb-amount:20px;--awb-sep-color:rgba(29,83,122,0.25);border-color:rgba(29,83,122,0.25);border-top-width:2px;\"><\/div><\/div><div class=\"fusion-sep-clear\"><\/div><div class=\"fusion-text fusion-text-2\"><ul class=\"centroEspecialidades\">\n<li><span>A<\/span><a href=\"https:\/\/www.viamedsalud.com\/losmanzanos\/especialidad\/aparato-digestivo_293\/\">Aparato Digestivo<\/a><\/li>\n<li><span>C<\/span><a href=\"https:\/\/www.viamedsalud.com\/losmanzanos\/especialidad\/cirugia-general-y-del-aparato-digestivo_296\/\">Cirug\u00eda General y del Aparato Digestivo<\/a><\/li>\n<li><span>C<\/span><a href=\"https:\/\/www.viamedsalud.com\/losmanzanos\/especialidad\/cirugia-plastica-y-reparadora_297\/\">Cirug\u00eda Pl\u00e1stica Reparadora<\/a><\/li>\n<li><span>C<\/span><a href=\"https:\/\/www.viamedsalud.com\/losmanzanos\/especialidades\/\">Cirug\u00eda capilar (implantolog\u00eda)<\/a><\/li>\n<li><span>D<\/span><a href=\"https:\/\/www.viamedsalud.com\/losmanzanos\/especialidad\/dermatologia_298\/\">Dermatolog\u00eda m\u00e9dico-quir\u00fargica y venereolog\u00eda<\/a><\/li>\n<li><span>F<\/span><a href=\"https:\/\/www.viamedsalud.com\/losmanzanos\/especialidad\/unidad-de-fisioterapia-y-rehabilitacion_403\/\">Fisioterapia<\/a><\/li>\n<li><span>H<\/span><a href=\"https:\/\/www.viamedsalud.com\/losmanzanos\/especialidad\/hematologia-y-hemoterapia_302\/\">Hematolog\u00eda<\/a><\/li>\n<li><span>M<\/span><a href=\"https:\/\/www.viamedsalud.com\/losmanzanos\/especialidades\/\">Medicina General<\/a><\/li>\n<li><span>M<\/span><a href=\"https:\/\/www.viamedsalud.com\/losmanzanos\/especialidad\/medicina-interna_305\/\">Medicina Interna<\/a><\/li>\n<li><span>N<\/span><a href=\"https:\/\/www.viamedsalud.com\/losmanzanos\/especialidad\/neurofisiologia-clinica_309\/\">Neurofisiolog\u00eda cl\u00ednica<\/a><\/li>\n<li><span>O<\/span><a href=\"https:\/\/www.viamedsalud.com\/losmanzanos\/especialidad\/odontologia_353\/\">Odontolog\u00eda<\/a><\/li>\n<li><span>O<\/span><a href=\"https:\/\/www.viamedsalud.com\/losmanzanos\/especialidad\/oftalmologia_312\/\">Oftalmolog\u00eda<\/a><\/li>\n<li><span>P<\/span><a href=\"https:\/\/www.viamedsalud.com\/losmanzanos\/especialidad\/pediatria-y-sus-areas-especificas_314\/\">Pediatr\u00eda y sus \u00c1reas Espec\u00edficas<\/a><\/li>\n<li><span>P<\/span><a href=\"https:\/\/www.viamedsalud.com\/losmanzanos\/especialidad\/podologia_315\/\">Podolog\u00eda<\/a><\/li>\n<li><span>P<\/span><a href=\"https:\/\/www.viamedsalud.com\/losmanzanos\/especialidades\/\">Preparaci\u00f3n al Parto<\/a><\/li>\n<li><span>P<\/span><a href=\"https:\/\/www.viamedsalud.com\/losmanzanos\/especialidad\/psiquiatria_317\/\">Psiquiatr\u00eda<\/a><\/li>\n<li><span>R<\/span><a href=\"https:\/\/www.viamedsalud.com\/losmanzanos\/especialidad\/rehabilitacion_319\/\">Rehabilitaci\u00f3n<\/a><\/li>\n<li><span>U<\/span><a href=\"https:\/\/www.viamedsalud.com\/losmanzanos\/especialidad\/unidad-de-biomecanica-de-la-marcha_363\/\">Unidad de Biomec\u00e1nica de la marcha<\/a><\/li>\n<\/ul>\n<\/div><div class=\"fusion-clearfix\"><\/div><\/div><\/div><\/div><\/div><div class=\"fusion-fullwidth fullwidth-box fusion-builder-row-3 hundred-percent-fullwidth non-hundred-percent-height-scrolling fusion-equal-height-columns\" style=\"--awb-border-radius-top-left:0px;--awb-border-radius-top-right:0px;--awb-border-radius-bottom-right:0px;--awb-border-radius-bottom-left:0px;--awb-padding-top:0px;--awb-padding-right:0px;--awb-padding-bottom:0px;--awb-padding-left:0px;--awb-margin-top:0px;--awb-margin-bottom:0px;--awb-flex-wrap:wrap;\" ><div class=\"fusion-builder-row fusion-row\"><div class=\"fusion-layout-column fusion_builder_column fusion-builder-column-3 fusion_builder_column_1_2 1_2 fusion-one-half fusion-column-first\" style=\"--awb-padding-top:0px;--awb-padding-right:0px;--awb-padding-bottom:50px;--awb-padding-left:0px;--awb-bg-image:url(&#039;http:\/\/www.viamedsalud.com\/hospital-santiago\/wp-content\/uploads\/sites\/7\/2020\/10\/mapa-centro.png&#039;);--awb-bg-position:center center;--awb-bg-size:cover;--awb-margin-bottom:0px;width:50%;width:calc(50% - ( ( 0 ) * 0.5 ) );margin-right: 0px;\" id=\"mapauno\"><div class=\"fusion-column-wrapper fusion-column-has-shadow fusion-flex-column-wrapper-legacy fusion-empty-column-bg-image fusion-column-has-bg-image\" data-bg-url=\"http:\/\/www.viamedsalud.com\/hospital-santiago\/wp-content\/uploads\/sites\/7\/2020\/10\/mapa-centro.png\"><img decoding=\"async\" class=\"fusion-empty-dims-img-placeholder fusion-no-large-visibility\" src=\"data:image\/gif;base64,R0lGODlhAQABAAAAACH5BAEKAAEALAAAAAABAAEAAAICTAEAOw==\"><div class=\"fusion-clearfix\"><\/div><\/div><\/div><div class=\"fusion-layout-column fusion_builder_column fusion-builder-column-4 fusion_builder_column_1_2 1_2 fusion-one-half fusion-column-last\" style=\"--awb-padding-top:0px;--awb-padding-right:30px;--awb-padding-bottom:30px;--awb-padding-left:30px;--awb-bg-color:#00496e;--awb-bg-color-hover:#00496e;--awb-bg-size:cover;--awb-margin-bottom:0px;width:50%;width:calc(50% - ( ( 0 ) * 0.5 ) );\" id=\"infoMapa\"><div class=\"fusion-column-wrapper fusion-column-has-shadow fusion-flex-column-wrapper-legacy\"><div class=\"fusion-text fusion-text-3\"><h3 class=\"tituloMapa\">D\u00f3nde estamos<\/h3>\n<div class=\"izq\">\n<div class=\"dirMapa\">Centro Viamed Los Manzanos<br \/>\nAv. Lope de Vega, 33 &#8211; 35<br \/>\n26006 Logro\u00f1o<br \/>\nLa Rioja , Espa\u00f1a<br \/>\n<span class=\"separadorMapa\">\u00a0<\/span><\/div>\n<div class=\"tlfMapa\" style=\"padding-bottom: 0;\">941 50 11 26<br \/>\nContacto general del hospital<\/div>\n<\/div>\n<div class=\"der\">\n<div class=\"busMapa\"><strong>Paradas de autobuses m\u00e1s cercanas:<\/strong><br \/>\nLinea 1 Autobuses de Logro\u00f1o<br \/>\nVLR-115 Interurbano<\/div>\n<\/div>\n<div class=\"botonesMapa\"><a class=\"botonMapa\" href=\"https:\/\/www.google.es\/maps\/dir\/\/Centro+Viamed+Los+Manzanos,+Av.+Lope+de+Vega,+33,+26006+Logro%C3%B1o,+La+Rioja\/@42.4489516,-2.4425299,15z\/data=!4m8!4m7!1m0!1m5!1m1!1s0xd5aabd4968d290d:0xe6416387d41814dd!2m2!1d-2.4377479!2d42.4545332\" target=\"_blank\" rel=\"noopener noreferrer\"><i class=\"fas fa-location-arrow\"><\/i> C\u00f3mo llegar<\/a> <a class=\"botonMapa\" href=\"https:\/\/citas.viamedsalud.com\/\"><i class=\"far fa-calendar-alt\"><\/i> Pedir cita<\/a><\/div>\n<\/div><div class=\"fusion-clearfix\"><\/div><\/div><\/div><\/div><\/div><\/p>\n","protected":false},"excerpt":{"rendered":"","protected":false},"author":1,"featured_media":0,"parent":0,"menu_order":0,"comment_status":"closed","ping_status":"closed","template":"100-width.php","meta":{"_acf_changed":false,"footnotes":""},"class_list":["post-1593","page","type-page","status-publish","hentry"],"acf":[],"aioseo_notices":[],"_links":{"self":[{"href":"https:\/\/www.viamedsalud.com\/hospital-santiago\/wp-json\/wp\/v2\/pages\/1593","targetHints":{"allow":["GET"]}}],"collection":[{"href":"https:\/\/www.viamedsalud.com\/hospital-santiago\/wp-json\/wp\/v2\/pages"}],"about":[{"href":"https:\/\/www.viamedsalud.com\/hospital-santiago\/wp-json\/wp\/v2\/types\/page"}],"author":[{"embeddable":true,"href":"https:\/\/www.viamedsalud.com\/hospital-santiago\/wp-json\/wp\/v2\/users\/1"}],"replies":[{"embeddable":true,"href":"https:\/\/www.viamedsalud.com\/hospital-santiago\/wp-json\/wp\/v2\/comments?post=1593"}],"version-history":[{"count":0,"href":"https:\/\/www.viamedsalud.com\/hospital-santiago\/wp-json\/wp\/v2\/pages\/1593\/revisions"}],"wp:attachment":[{"href":"https:\/\/www.viamedsalud.com\/hospital-santiago\/wp-json\/wp\/v2\/media?parent=1593"}],"curies":[{"name":"wp","href":"https:\/\/api.w.org\/{rel}","templated":true}]}}