{"id":3,"date":"2020-05-11T15:03:04","date_gmt":"2020-05-11T13:03:04","guid":{"rendered":"http:\/\/www.viamedsalud.com\/hospital-santa-elena\/?page_id=3"},"modified":"2025-03-21T13:51:56","modified_gmt":"2025-03-21T11:51:56","slug":"politica-de-privacidad","status":"publish","type":"page","link":"https:\/\/www.viamedsalud.com\/hospital-santa-elena\/politica-de-privacidad\/","title":{"rendered":"Pol\u00edtica de privacidad"},"content":{"rendered":"<div class=\"fusion-fullwidth fullwidth-box fusion-builder-row-1 fusion-flex-container nonhundred-percent-fullwidth non-hundred-percent-height-scrolling\" style=\"--awb-border-radius-top-left:0px;--awb-border-radius-top-right:0px;--awb-border-radius-bottom-right:0px;--awb-border-radius-bottom-left:0px;--awb-flex-wrap:wrap;\" ><div class=\"fusion-builder-row fusion-row fusion-flex-align-items-flex-start fusion-flex-content-wrap\" style=\"max-width:1248px;margin-left: calc(-4% \/ 2 );margin-right: calc(-4% \/ 2 );\"><div class=\"fusion-layout-column fusion_builder_column fusion-builder-column-0 fusion-flex-column\" style=\"--awb-padding-bottom:20px;--awb-padding-right-small:5%;--awb-padding-left-small:5%;--awb-bg-size:cover;--awb-width-large:20%;--awb-margin-top-large:0px;--awb-spacing-right-large:9.6%;--awb-margin-bottom-large:20px;--awb-spacing-left-large:9.6%;--awb-width-medium:100%;--awb-order-medium:0;--awb-spacing-right-medium:1.92%;--awb-spacing-left-medium:1.92%;--awb-width-small:100%;--awb-order-small:0;--awb-spacing-right-small:1.92%;--awb-spacing-left-small:1.92%;\"><div class=\"fusion-column-wrapper fusion-column-has-shadow fusion-flex-justify-content-flex-start fusion-content-layout-column\"><nav class=\"legal-menu\">\n    <ul style=\"list-style-type: none; padding-inline-start: 0px;\">\n        <li><a href=\"#Tratamiento\" class=\"active fusion-one-page-text-link\">1. RESPONSABLE DEL TRATAMIENTO<\/a><\/li>\n        <li><a href=\"#Proteccion\" class=\"fusion-one-page-text-link\">2. DELEGADO DE PROTECCI\u00d3N DE DATOS<\/a><\/li>\n        <li><a class=\"Tratamientos\" style=\"cursor: pointer;\" onclick=\"showMenu(event)\" onblur=\"hideMenu()\" class=\"fusion-one-page-text-link\">3. TRATAMIENTOS <\/a>\n            <ol id=\"TratamientosToggle\" type=\"1\" style=\"display: none;\">\n                <li><a href=\"#RecogidaDatos\" class=\"fusion-one-page-text-link\"> Solicitud de informaci\u00f3n <\/a><\/li>\n                <li><a href=\"#Datos_Sistema\" class=\"fusion-one-page-text-link\"> Comunicaciones informativas o comerciales <\/a><\/li>\n                <li><a href=\"#Datos_Paciente\" class=\"fusion-one-page-text-link\"> Clientes y Proveedores <\/a><\/li>\n                <li><a href=\"#Seleccion_Personal\" class=\"fusion-one-page-text-link\"> Selecci\u00f3n de personal <\/a><\/li>\n                <li><a href=\"#Ejercicio_Derechos\" class=\"fusion-one-page-text-link\"> Ejercicio de derechos <\/a><\/li>\n                <li><a href=\"#Otras_Finalidades\" class=\"fusion-one-page-text-link\"> Otras finalidades <\/a><\/li>\n            <\/ol>\n        <\/li>\n        <li><a href=\"#Destinatario\" class=\"fusion-one-page-text-link\">4. DESTINATARIOS<\/a><\/li>\n        <li><a href=\"#Derechos_Interesado\" class=\"fusion-one-page-text-link\">5. DERECHOS DE LOS INTERESADOS<\/a><\/li>\n        <li><a href=\"#Version\" class=\"fusion-one-page-text-link\">6. VERSI\u00d3N<\/a><\/li>\n    <\/ul>\n<\/nav><\/div><\/div><div class=\"fusion-layout-column fusion_builder_column fusion-builder-column-1 fusion-flex-column\" style=\"--awb-bg-size:cover;--awb-width-large:80%;--awb-margin-top-large:0px;--awb-spacing-right-large:2.4%;--awb-margin-bottom-large:20px;--awb-spacing-left-large:2.4%;--awb-width-medium:100%;--awb-order-medium:0;--awb-spacing-right-medium:1.92%;--awb-spacing-left-medium:1.92%;--awb-width-small:100%;--awb-order-small:0;--awb-spacing-right-small:1.92%;--awb-spacing-left-small:1.92%;\" data-scroll-devices=\"small-visibility,medium-visibility,large-visibility\"><div class=\"fusion-column-wrapper fusion-column-has-shadow fusion-flex-justify-content-flex-start fusion-content-layout-column\"><div class=\"fusion-text fusion-text-1\"><h2 style=\"text-align: center; padding-top: 50px;\">POL\u00cdTICA DE PRIVACIDAD<\/h2>\n<\/div><div id=\"CajaMayor\">\n    <h4 id=\"Tratamiento\"><span>1. RESPONSABLE DEL TRATAMIENTO<\/span><\/h4>\n    <p>Conforme a la legislaci\u00f3n vigente en materia de Protecci\u00f3n de Datos de Car\u00e1cter Personal se pone en conocimiento de los usuarios los datos identificativos de la entidad responsable de los datos de la p\u00e1gina web, a trav\u00e9s de la siguiente tabla:<\/p>\n    <div class=\"table-1\">\n        <table style=\"width: 100%; height: 168px;\" width=\"100%\">\n            <thead>\n                <tr style=\"height: 24px;\">\n                    <th>Hospital o Centro M\u00e9dico<\/th>\n                    <th>Responsable del Tratamiento<\/th>\n                <\/tr>\n            <\/thead>\n            <tbody>\n                <tr style=\"height: 24px;\">\n                    <td>Hospital Viamed Santa Elena<\/td>\n                    <td>\n                        <p>Hospital Viamed Santa Elena S.L.<\/p>\n                        <p>Direcci\u00f3n postal: C\/ de la Granja, 8, 28003, Madrid<\/p>\n                        <p>Tel\u00e9fono: 914 539 400<\/p>\n                    <\/td>\n                <\/tr>\n            <\/tbody>\n        <\/table>\n    <\/div>\n    \u00a0\n    <h4 id=\"Proteccion\"><span>2. DELEGADO DE PROTECCI\u00d3N DE DATOS<\/span><\/h4>\n    <p>Para cualquier duda o informaci\u00f3n adicional relacionada con la protecci\u00f3n de datos de car\u00e1cter personal, podr\u00e1 contactar con nuestro Delegado de Protecci\u00f3n de Datos a trav\u00e9s de los siguientes medios de contacto\n        Email: <a href=\"mailto:dpo@viamedsalud.com\">dpo@viamedsalud.com<\/a><\/td>\n    <\/p>\n    <h4 id=\"Tratamientos\"><span>3. TRATAMIENTOS<\/span><\/h4>\n    <p>A continuaci\u00f3n, se describen los tratamientos de datos que realizados a trav\u00e9s de la p\u00e1gina web:<\/p>\n    <ol id=\"RecogidaDatos\" class=\"classTituloLI\" type=\"1\">\n        <li>Solicitud de informaci\u00f3n<\/li>\n    <\/ol>\n    <p>Los datos podr\u00e1n ser tratados para contestar las solicitudes de informaci\u00f3n y contacto remitidas a trav\u00e9s de los correos electr\u00f3nicos y formularios de contacto de la p\u00e1gina web.<\/p>\n    <p>Para ellos se conservar\u00e1n hasta dar respuesta la solicitud o se solicite la supresi\u00f3n y, en todo caso, por un per\u00edodo m\u00e1ximo de un a\u00f1o<\/p>\n    <p>La base para el tratamiento de los datos es el consentimiento del usuario.<\/p>\n    <p>Los datos personales han sido obtenidos del propio interesado y se recogen las siguientes categor\u00edas:<\/p>\n    <ul>\n        <li> Datos de identificativos y de contacto. <\/li>\n    <\/ul>\n\n    <ol class=\"classTituloLI\" id=\"Datos_Sistema\" start=\"2\" type=\"1\">\n        <li> Comunicaciones informativas o comerciales <\/li>\n    <\/ol>\n    <p>Los datos podr\u00e1n ser tratados para enviarle informaci\u00f3n de su inter\u00e9s sobre nuestros productos y servicios, adem\u00e1s de actividades, ofertas y promociones, adaptada, en su caso, sus intereses.<\/p>\n    <p>Este tratamiento solo se realizar\u00e1 con pacientes mayores de 18 a\u00f1os o representantes legales.<\/p>\n    <p>Los datos se conservar\u00e1n hasta la oposici\u00f3n del interesado o la solicitud de supresi\u00f3n.<\/p>\n    <p>La base de legitimaci\u00f3n ser\u00e1 el consentimiento o el inter\u00e9s leg\u00edtimo, al existir una relaci\u00f3n previa entre el interesado y el responsable, para enviar informaci\u00f3n sobre productos o servicios propios similares a los contratados.<\/p>\n    <p>Los datos personales han sido obtenidos del propio interesado y se recogen las siguientes categor\u00edas:<\/p>\n    <ul>\n        <li> Datos de identificativos y de contacto. <\/li>\n    <\/ul>\n    \n    <ol class=\"classTituloLI\" id=\"Datos_Paciente\" start=\"3\" type=\"1\">\n        <li>Clientes y Proveedores<\/li>\n    <\/ol>\n    <p>Los datos podr\u00e1n ser tratados para la ejecuci\u00f3n y mantenimiento de la relaci\u00f3n contractual existente entre las partes, incluyendo gesti\u00f3n de clientes y proveedores, contabilidad y facturaci\u00f3n de los clientes, conserv\u00e1ndose hasta la finalizaci\u00f3n de la relaci\u00f3n y, en cualquier caso, hasta la finalizaci\u00f3n de plazos legales y prescripci\u00f3n de acciones.<\/p>\n    <p>La base de legitimaci\u00f3n es la ejecuci\u00f3n de la relaci\u00f3n contractual entre las partes.<\/p>\n    <p>Los datos personales se obtienen del propio interesado o su representante legal y se recogen las siguientes categor\u00edas:<\/p>\n    <ul>\n        <li> Datos identificativos y de contacto. <\/li>  \n        <li> Bienes y servicio suministrados por el proveedor o prestados al cliente. <\/li>\n        <li> Datos de facturaci\u00f3n. <\/li>\n        <li> Datos de salud relativos a las asistencias sanitarias realizadas. <\/li>\n    <\/ul>\n\n    <ol class=\"classTituloLI\" id=\"Seleccion_Personal\" start=\"4\" type=\"1\">\n        <li> Selecci\u00f3n de personal <\/li>\n    <\/ol>\n    <p>Los datos podr\u00e1n ser tratados para la gesti\u00f3n de la participaci\u00f3n de candidatos en los procesos de selecci\u00f3n de personal de las empresas del Grupo Viamed.<\/p>\n    <p>Los datos se conservar\u00e1n hasta la solicitud de supresi\u00f3n y, en todo caso, por el per\u00edodo m\u00e1ximo de dos a\u00f1os desde su recepci\u00f3n.<\/p>\n    <p>La base de legitimaci\u00f3n es el consentimiento del interesado.<\/p>\n    <p>Los datos personales se obtienen del propio interesado a trav\u00e9s del env\u00edo de curr\u00edculums por correo electr\u00f3nico o formulario y la recepci\u00f3n a trav\u00e9s de las propias ofertas publicadas. Las categor\u00edas de datos recogidas son:<\/p>\n    <ul>\n        <li> Datos identificativos y de contacto. <\/li>  \n        <li> Caracter\u00edsticas personale. <\/li>\n        <li> Datos acad\u00e9mico y profesionales. <\/li>\n        <li> Imagen. <\/li>\n    <\/ul>\n\n    <ol class=\"classTituloLI\" id=\"Ejercicio_Derechos\" start=\"5\" type=\"1\">\n        <li> Ejercicio de derechos <\/li>\n    <\/ol>\n    <p>Los datos podr\u00e1n ser tratados para la tramitaci\u00f3n de la solicitud de ejercicio de derechos, conserv\u00e1ndose hasta la resoluci\u00f3n de su solicitud y, con posterioridad, durante los plazos de prescripci\u00f3n de las posibles responsabilidades nacidas del tratamiento.<\/p>\n    <p>La base jur\u00eddica para el tratamiento de datos es el cumplimiento de la obligaci\u00f3n legal de atender los ejercicios de derechos.<\/p>\n    <p>Los datos personales han sido obtenidos del propio interesado y se recogen las siguientes categor\u00edas:<\/p>\n    <ul>\n        <li> Datos identificativos y de contacto. <\/li>  \n        <li> Caracter\u00edsticas personale. <\/li>\n    <\/ul>\n\n    <ol class=\"classTituloLI\" id=\"Otras_Finalidades\" start=\"6\" type=\"1\">\n        <li> Otras finalidades <\/li>\n    <\/ol>\n    <p>Los datos podr\u00e1n ser tratados para:<\/p>\n    <ul>\n        <li>Fines estad\u00edsticos a efectos de analizar el comportamiento y las tendencias de los Usuarios y analizar c\u00f3mo mejorar los servicios que prestamos a los Usuarios, as\u00ed como para mostrar publicidad seg\u00fan se indica en la Pol\u00edtica de cookies. Puede consultar nuestra Pol\u00edtica de Cookies para identificar la vigencia de cada cookie.<\/li>  \n        <li>Detectar e investigar fraudes, as\u00ed como otras actividades ilegales y quebrantamientos potenciales de nuestras Pol\u00edticas de Privacidad, Cookies y\/o Aviso Legal, conserv\u00e1ndose hasta la resoluci\u00f3n de la investigaci\u00f3n y, con posterioridad, durante los plazos de prescripci\u00f3n de las posibles responsabilidades nacidas del tratamiento.<\/li>\n    <\/ul>\n    <p>La base jur\u00eddica para el tratamiento de datos es el consentimiento prestado al configurar las cookies y la ejecuci\u00f3n de la relaci\u00f3n contractual como usuario de la p\u00e1gina web.<\/p>\n    <p>Los datos personales han sido obtenidos del propio interesado mediante el uso de la Web:<\/p>\n    <ul>\n        <li> Datos identificativos y de navegaci\u00f3n. <\/li>  \n    <\/ul>\n\n    <h4 id=\"Destinatario\"><span>4. DESTINATARIOS <\/span><\/h4>\n    <p> No se prev\u00e9n comunicaciones de datos salvo supuestos establecidos por obligaci\u00f3n legal y los indicados a continuaci\u00f3n: <\/p>\n    <ul>\n        <li>En el caso del tratamiento de datos relacionados con clientes se ceder\u00e1n los datos a entidades bancarias, agencia tributaria, auditores externos, compa\u00f1\u00edas aseguradoras, mutuas o terceros obligas al pago de los servicios sanitarios prestados.<\/li> \n        <li>En el caso de tratamientos con fines de selecci\u00f3n de personal los datos podr\u00e1n ser cedidos a otras empresas del Grupo VIAMED con la misma finalidad.<\/li>\n    <\/ul>\n\n    <h4 id=\"Derechos_Interesado\"><span>5. DERECHOS DE LOS INTERESADOS<\/span><\/h4>\n    <p>Para gestionar y tramitar su oposici\u00f3n es necesario que el interesado especifique los datos que facilit\u00f3 en el momento del inicio del tratamiento.<\/p>\n    <p>Le informamos que, tanto en el momento de recogida de sus datos, como en cualquier momento posterior, el destinatario podr\u00e1 oponerse al env\u00edo de comunicaciones informativas o comerciales. A trav\u00e9s de las siguientes v\u00edas:<\/p>\n    <ul>\n        <li> <strong>Formulario web<\/strong>: <a target=\"_blank\" href=\"https:\/\/www.viamedsalud.com\/politica-de-privacidad\/formulario-de-baja\/\">https:\/\/www.viamedsalud.com\/politica-de-privacidad\/formulario-de-baja\/<\/a><\/li>  \n        <li> <strong>Correo electr\u00f3nico<\/strong>: <a href=\"mailto:bajasinfo.madrid@viamedsalud.com\">bajasinfo.madrid@viamedsalud.com<\/a> <\/li>\n    <\/ul>\n    <p> Asimismo, le informamos que en cada comunicaci\u00f3n realizada por correo electr\u00f3nico puede oponerse a este tipo de env\u00edos a trav\u00e9s del medio de contacto indicado. <\/p>\n    <p> Le informamos que: <\/p>\n    <ul>\n        <li> Tambi\u00e9n tiene derecho a obtener confirmaci\u00f3n sobre si estamos tratando datos personales que le conciernan. <\/li>  \n        <li> Las personas interesadas tienen derecho a acceder a sus datos personales, as\u00ed como a solicitar la rectificaci\u00f3n de los datos inexactos o en su caso, solicitar su supresi\u00f3n cuando entre otros motivos, los datos ya no sean necesarios para los fines que fueron recogidos. <\/li>\n        <li> En determinadas circunstancias, los interesados podr\u00e1n solicitar la limitaci\u00f3n del tratamiento de sus datos, en cuyo caso \u00fanicamente los conservaremos para el ejercicio o defensa de reclamaciones. <\/li>\n        <li> En determinadas circunstancias y por motivos relacionados con su situaci\u00f3n particular, los interesados podr\u00e1n oponerse al tratamiento de sus datos. En estos supuestos no se tratar\u00e1n sus datos salvo por motivos leg\u00edtimos o el ejercicio o defensa de posibles reclamaciones. <\/li>\n        <li> En determinadas circunstancias, tendr\u00e1 derecho a recibir los datos personales que le incumban en un formato estructurado de uso com\u00fan y lectura mec\u00e1nica. <\/li>\n    <\/ul>\n    <p> Puede ejercer sus derechos a trav\u00e9s de: <\/p>\n    <ul>\n        <li> <strong>Correo electr\u00f3nico<\/strong>: <a href=\"mailto:dpo@viamedsalud.com\">dpo@viamedsalud.com<\/a> <\/li>\n        <li> <strong>La p\u00e1gina web<\/strong>: <a target=\"_blank\" href=\"https:\/\/www.viamedsalud.com\/politica-de-privacidad\/ejercicio-de-derechos\/\">https:\/\/www.viamedsalud.com\/politica-de-privacidad\/ejercicio-de-derechos\/<\/a> <\/li>\n        <li> En los mostradores de atenci\u00f3n al p\u00fablico de su hospital o centro m\u00e9dico. <\/li>\n    <\/ul>\n    <p> Si lo desea, puede obtener m\u00e1s informaci\u00f3n sobre sus derechos y acceder a modelos para su ejercicio en la siguiente direcci\u00f3n web: <a href=\"https:\/\/www.aepd.es\/\">https:\/\/www.aepd.es\/<\/a> As\u00ed mismo, le informamos de su derecho a presentar una reclamaci\u00f3n ante la Agencia Espa\u00f1ola de Protecci\u00f3n de Datos si la petici\u00f3n de ejercicio de alg\u00fan derecho no ha sido satisfecha correctamente o si por cualquier otro motivo considera que sus datos personales no est\u00e1n siendo tratados correctamente. Para ello, podr\u00e1 dirigirse a <a href=\"https:\/\/www.aepd.es\/\">https:\/\/www.aepd.es\/<\/a>  <\/p>\n    <h4 id=\"Version\"><span>6. VERSI\u00d3N<\/span><\/h4>\n    <p> Esta pol\u00edtica de privacidad es de fecha 14\/12\/2023 y cualquier modificaci\u00f3n de sus t\u00e9rminos ser\u00e1 publicada en esta p\u00e1gina web. <\/p>\n<\/div><script>\nfunction showMenu(e){\n  e.preventDefault();\n  $(\"#TratamientosToggle\").slideToggle();\n}\n\nfunction hideMenu(){\n  $(\"#TratamientosToggle\").slideUp();\n}\n\n\n$(window).scroll(function () {\n  var y = $(this).scrollTop();\n  if (y > 550) {\n    $(\".legal-menu\").addClass(\"scrolldown\");\n  } else {\n    $(\".legal-menu\").removeClass(\"scrolldown\");\n  }\n});\n\n\n\n<\/script><\/div><\/div><\/div><\/div>\n","protected":false},"excerpt":{"rendered":"","protected":false},"author":1,"featured_media":0,"parent":0,"menu_order":0,"comment_status":"closed","ping_status":"closed","template":"","meta":{"_acf_changed":false,"footnotes":""},"class_list":["post-3","page","type-page","status-publish","hentry"],"acf":[],"aioseo_notices":[],"_links":{"self":[{"href":"https:\/\/www.viamedsalud.com\/hospital-santa-elena\/wp-json\/wp\/v2\/pages\/3","targetHints":{"allow":["GET"]}}],"collection":[{"href":"https:\/\/www.viamedsalud.com\/hospital-santa-elena\/wp-json\/wp\/v2\/pages"}],"about":[{"href":"https:\/\/www.viamedsalud.com\/hospital-santa-elena\/wp-json\/wp\/v2\/types\/page"}],"author":[{"embeddable":true,"href":"https:\/\/www.viamedsalud.com\/hospital-santa-elena\/wp-json\/wp\/v2\/users\/1"}],"replies":[{"embeddable":true,"href":"https:\/\/www.viamedsalud.com\/hospital-santa-elena\/wp-json\/wp\/v2\/comments?post=3"}],"version-history":[{"count":2,"href":"https:\/\/www.viamedsalud.com\/hospital-santa-elena\/wp-json\/wp\/v2\/pages\/3\/revisions"}],"predecessor-version":[{"id":42132,"href":"https:\/\/www.viamedsalud.com\/hospital-santa-elena\/wp-json\/wp\/v2\/pages\/3\/revisions\/42132"}],"wp:attachment":[{"href":"https:\/\/www.viamedsalud.com\/hospital-santa-elena\/wp-json\/wp\/v2\/media?parent=3"}],"curies":[{"name":"wp","href":"https:\/\/api.w.org\/{rel}","templated":true}]}}