{"id":564,"date":"2020-06-08T15:26:45","date_gmt":"2020-06-08T15:26:45","guid":{"rendered":"https:\/\/www.viamedsalud.com\/sanjose\/?page_id=564"},"modified":"2025-12-05T17:32:48","modified_gmt":"2025-12-05T15:32:48","slug":"aseguradoras","status":"publish","type":"page","link":"https:\/\/www.viamedsalud.com\/hospital-san-jose\/aseguradoras\/","title":{"rendered":"Aseguradoras"},"content":{"rendered":"<p><div class=\"fusion-fullwidth fullwidth-box fusion-builder-row-1 fusion-flex-container has-pattern-background has-mask-background nonhundred-percent-fullwidth non-hundred-percent-height-scrolling\" style=\"--awb-border-radius-top-left:0px;--awb-border-radius-top-right:0px;--awb-border-radius-bottom-right:0px;--awb-border-radius-bottom-left:0px;--awb-padding-top:0px;--awb-padding-right:0px;--awb-padding-bottom:0px;--awb-padding-left:0px;--awb-padding-top-medium:0px;--awb-padding-right-medium:0px;--awb-padding-bottom-medium:0px;--awb-padding-left-medium:0px;--awb-padding-top-small:0px;--awb-padding-right-small:0px;--awb-padding-bottom-small:0px;--awb-padding-left-small:0px;--awb-margin-top-medium:0px;--awb-margin-bottom-medium:0px;--awb-margin-top-small:0px;--awb-margin-bottom-small:0px;--awb-flex-wrap:wrap;\" ><div class=\"fusion-builder-row fusion-row fusion-flex-align-items-flex-start fusion-flex-content-wrap\" style=\"max-width:1248px;margin-left: calc(-4% \/ 2 );margin-right: calc(-4% \/ 2 );\"><div class=\"fusion-layout-column fusion_builder_column fusion-builder-column-0 fusion_builder_column_1_1 1_1 fusion-flex-column\" style=\"--awb-padding-top-medium:0px;--awb-padding-right-medium:0px;--awb-padding-bottom-medium:0px;--awb-padding-left-medium:0px;--awb-padding-top-small:0px;--awb-padding-right-small:0px;--awb-padding-bottom-small:0px;--awb-padding-left-small:0px;--awb-bg-size:cover;--awb-width-large:100%;--awb-margin-top-large:0px;--awb-spacing-right-large:0px;--awb-margin-bottom-large:0px;--awb-spacing-left-large:0px;--awb-width-medium:100%;--awb-order-medium:0;--awb-margin-top-medium:0;--awb-spacing-right-medium:0px;--awb-margin-bottom-medium:0;--awb-spacing-left-medium:0px;--awb-width-small:100%;--awb-order-small:0;--awb-margin-top-small:0;--awb-spacing-right-small:0px;--awb-margin-bottom-small:0;--awb-spacing-left-small:0px;\"><div class=\"fusion-column-wrapper fusion-column-has-shadow fusion-flex-justify-content-flex-start fusion-content-layout-column\"><!-- SLIDER -->\n<div id=\"img-content\">\n    <div class=\"img-page_title quienes-somos-title\">\n        <a href=\"\/hospital-san-jose\/especialidades\/\">\n            <picture style=\"position: absolute; top: 0; left: 0; width: 100%; height: 100%; z-index: 1;\">\n                <!-- M\u00f3viles: m\u00e1ximo 768px -->\n                <source media=\"(max-width: 768px)\" srcset=\"https:\/\/viamedsalud.com\/img\/banner\/aseguradoras-movil.jpg\">\n\n                <!-- Tablets: entre 769px y 1024px -->\n                <source media=\"(min-width: 769px) and (max-width: 1024px)\" srcset=\"https:\/\/viamedsalud.com\/img\/banner\/aseguradoras-tablets.jpg\">\n\n                <!-- Ordenadores: m\u00e1s de 1024px (fallback) -->\n                <img decoding=\"async\" src=\"https:\/\/viamedsalud.com\/img\/banner\/aseguradoras-desktop.jpg\" alt=\"Cuadro M\u00e9dico\" style=\"width: 100%; height: 100%; object-fit: cover; object-position: center;\">\n            <\/picture>\n        <\/a>\n    <\/div>\n<\/div><\/div><\/div><\/div><\/div><div class=\"fusion-fullwidth fullwidth-box fusion-builder-row-2 fusion-flex-container has-pattern-background has-mask-background nonhundred-percent-fullwidth non-hundred-percent-height-scrolling galeriasSeguros\" style=\"--awb-border-radius-top-left:0px;--awb-border-radius-top-right:0px;--awb-border-radius-bottom-right:0px;--awb-border-radius-bottom-left:0px;--awb-padding-top:10px;--awb-padding-bottom:60px;--awb-margin-top:0px;--awb-margin-bottom:50px;--awb-flex-wrap:wrap;\" ><div class=\"fusion-builder-row fusion-row fusion-flex-align-items-center fusion-flex-justify-content-center fusion-flex-content-wrap\" style=\"max-width:1248px;margin-left: calc(-4% \/ 2 );margin-right: calc(-4% \/ 2 );\"><div class=\"fusion-layout-column fusion_builder_column fusion-builder-column-1 fusion-flex-column\" style=\"--awb-bg-size:cover;--awb-width-large:60%;--awb-margin-top-large:60px;--awb-spacing-right-large:3.2%;--awb-margin-bottom-large:60px;--awb-spacing-left-large:3.2%;--awb-width-medium:70%;--awb-order-medium:0;--awb-spacing-right-medium:2.7428571428571%;--awb-spacing-left-medium:2.7428571428571%;--awb-width-small:100%;--awb-order-small:0;--awb-spacing-right-small:1.92%;--awb-spacing-left-small:1.92%;\" data-scroll-devices=\"small-visibility,medium-visibility,large-visibility\"><div class=\"fusion-column-wrapper fusion-column-has-shadow fusion-flex-justify-content-flex-start fusion-content-layout-column\"><div class=\"fusion-text fusion-text-1\" style=\"--awb-font-size:18px;--awb-line-height:1.3;\"><p style=\"text-align: center;\">En Viamed San Jos\u00e9 trabajamos con la mayor\u00eda de las aseguradoras activas en Espa\u00f1a.<\/p>\n<p style=\"text-align: center;\">Garantizamos a los pacientes los m\u00e1ximos est\u00e1ndares de calidad, el acceso a un cuadro m\u00e9dico cualificado y profesional y la oportunidad de recibir tratamiento con el equipamiento m\u00e9dico m\u00e1s avanzado.<\/p>\n<\/div><\/div><\/div><div class=\"fusion-layout-column fusion_builder_column fusion-builder-column-2 fusion_builder_column_1_1 1_1 fusion-flex-column\" style=\"--awb-bg-size:cover;--awb-width-large:100%;--awb-margin-top-large:0px;--awb-spacing-right-large:1.92%;--awb-margin-bottom-large:20px;--awb-spacing-left-large:1.92%;--awb-width-medium:100%;--awb-spacing-right-medium:1.92%;--awb-spacing-left-medium:1.92%;--awb-width-small:100%;--awb-spacing-right-small:1.92%;--awb-spacing-left-small:1.92%;\"><div class=\"fusion-column-wrapper fusion-column-has-shadow fusion-flex-justify-content-flex-start fusion-content-layout-column\"><div class=\"fusion-text fusion-text-2\" id=\"galeriaSeguros\">\n<\/div><\/div><\/div><\/div><\/div><div class=\"fusion-fullwidth fullwidth-box fusion-builder-row-3 fusion-flex-container has-pattern-background has-mask-background hundred-percent-fullwidth non-hundred-percent-height-scrolling custom-height-medico\" style=\"--awb-border-radius-top-left:0px;--awb-border-radius-top-right:0px;--awb-border-radius-bottom-right:0px;--awb-border-radius-bottom-left:0px;--awb-padding-top:0px;--awb-padding-right:4%;--awb-padding-bottom:0px;--awb-padding-left:8%;--awb-margin-top:0px;--awb-margin-bottom:0px;--awb-background-color:#00b2e3;--awb-flex-wrap:wrap;\" ><div class=\"fusion-builder-row fusion-row fusion-flex-align-items-flex-end fusion-flex-justify-content-center fusion-flex-content-wrap\" style=\"width:104% !important;max-width:104% !important;margin-left: calc(-4% \/ 2 );margin-right: calc(-4% \/ 2 );\"><div class=\"fusion-layout-column fusion_builder_column fusion-builder-column-3 fusion-flex-column fusion-flex-align-self-flex-start div-qr\" style=\"--awb-padding-top-medium:0px;--awb-padding-right-medium:0px;--awb-padding-bottom-medium:0px;--awb-padding-left-medium:0px;--awb-padding-top-small:0px;--awb-padding-right-small:0px;--awb-padding-bottom-small:0px;--awb-padding-left-small:0px;--awb-bg-size:cover;--awb-width-large:40%;--awb-margin-top-large:0px;--awb-spacing-right-large:0px;--awb-margin-bottom-large:0px;--awb-spacing-left-large:0px;--awb-width-medium:100%;--awb-order-medium:0;--awb-margin-top-medium:0px;--awb-spacing-right-medium:0px;--awb-margin-bottom-medium:0px;--awb-spacing-left-medium:0px;--awb-width-small:100%;--awb-order-small:0;--awb-margin-top-small:0px;--awb-spacing-right-small:0px;--awb-margin-bottom-small:0px;--awb-spacing-left-small:0px;\" data-scroll-devices=\"small-visibility,medium-visibility,large-visibility\"><div class=\"fusion-column-wrapper fusion-column-has-shadow fusion-flex-justify-content-flex-start fusion-content-layout-column\"><div class=\"download-section\">\n    <div class=\"container-full\">\n        <div class=\"row align-items-center\">\n\n            <div class=\"col-12 col-md-6 col-lg-4\">\n                <div class=\"download-text mb-4\">\n                   \t<p>Desc\u00e1rgate la app y descubre<br\/> las ventajas que te ofrece<\/p>\n                <\/div>\n            <\/div>\n\n\n            <div class=\"col-12 col-md-6 col-lg-8\">\n                <div class=\"qr-container\">\n\n                    <div class=\"download-col text-center\">\n                        <img decoding=\"async\" src=\"\/wp-content\/themes\/Viamed-Salud\/img\/qr-iphone.webp\" alt=\"QR Code iOS\" class=\"img-fluid qr-code d-none d-md-block\">\n                        <div>\n                            <a href=\"#\" class=\"d-inline-block\">\n                                <img decoding=\"async\" src=\"\/wp-content\/themes\/Viamed-Salud\/img\/boton-qr-iphone.webp\" alt=\"Download on App Store\" class=\"img-fluid app-store-btn\">\n                            <\/a>\n                        <\/div>\n                    <\/div>\n\n                    <div class=\"download-col text-center\">\n                        <img decoding=\"async\" src=\"\/wp-content\/themes\/Viamed-Salud\/img\/qr-android.webp\" alt=\"QR Code Android\" class=\"img-fluid qr-code d-none d-md-block\">\n                        <div>\n                            <a href=\"#\" class=\"d-inline-block\">\n                                <img decoding=\"async\" src=\"\/wp-content\/themes\/Viamed-Salud\/img\/boton-qr-android.webp\" alt=\"Disponible en Google Play\" class=\"img-fluid app-store-btn\">\n                            <\/a>\n                        <\/div>\n                    <\/div>\n                    \n                <\/div>\n            <\/div>\n        <\/div>\n    <\/div>\n<\/div><\/div><\/div><div class=\"fusion-layout-column fusion_builder_column fusion-builder-column-4 fusion-flex-column fusion-flex-align-self-center absolute-medico\" style=\"--awb-padding-top-medium:0px;--awb-padding-right-medium:0px;--awb-padding-bottom-medium:0px;--awb-padding-left-medium:0px;--awb-padding-top-small:0px;--awb-padding-right-small:0px;--awb-padding-bottom-small:0px;--awb-padding-left-small:0px;--awb-bg-size:cover;--awb-width-large:30%;--awb-margin-top-large:0px;--awb-spacing-right-large:0px;--awb-margin-bottom-large:0px;--awb-spacing-left-large:0px;--awb-width-medium:100%;--awb-order-medium:0;--awb-margin-top-medium:0px;--awb-spacing-right-medium:0px;--awb-margin-bottom-medium:0px;--awb-spacing-left-medium:0px;--awb-width-small:100%;--awb-order-small:0;--awb-margin-top-small:0px;--awb-spacing-right-small:0px;--awb-margin-bottom-small:0px;--awb-spacing-left-small:0px;\" data-scroll-devices=\"small-visibility,medium-visibility,large-visibility\"><div class=\"fusion-column-wrapper fusion-column-has-shadow fusion-flex-justify-content-center fusion-content-layout-row\"><div class=\"fusion-image-element \" style=\"--awb-max-width:460px;--awb-caption-title-font-family:var(--h2_typography-font-family);--awb-caption-title-font-weight:var(--h2_typography-font-weight);--awb-caption-title-font-style:var(--h2_typography-font-style);--awb-caption-title-size:var(--h2_typography-font-size);--awb-caption-title-transform:var(--h2_typography-text-transform);--awb-caption-title-line-height:var(--h2_typography-line-height);--awb-caption-title-letter-spacing:var(--h2_typography-letter-spacing);\"><span class=\" fusion-imageframe imageframe-none imageframe-1 hover-type-none\"><img decoding=\"async\" width=\"605\" height=\"605\" title=\"banner-medica\" src=\"https:\/\/www.viamedsalud.com\/hospital-san-jose\/wp-content\/uploads\/sites\/12\/2025\/12\/banner-medica.webp\" alt class=\"img-responsive wp-image-10349\" srcset=\"https:\/\/www.viamedsalud.com\/hospital-san-jose\/wp-content\/uploads\/sites\/12\/2025\/12\/banner-medica-200x200.webp 200w, https:\/\/www.viamedsalud.com\/hospital-san-jose\/wp-content\/uploads\/sites\/12\/2025\/12\/banner-medica-400x400.webp 400w, https:\/\/www.viamedsalud.com\/hospital-san-jose\/wp-content\/uploads\/sites\/12\/2025\/12\/banner-medica-600x600.webp 600w, https:\/\/www.viamedsalud.com\/hospital-san-jose\/wp-content\/uploads\/sites\/12\/2025\/12\/banner-medica.webp 605w\" sizes=\"(max-width: 1024px) 100vw, (max-width: 640px) 100vw, 605px\" \/><\/span><\/div><\/div><\/div><div class=\"fusion-layout-column fusion_builder_column fusion-builder-column-5 fusion-flex-column fusion-flex-align-self-flex-start div-unete\" style=\"--awb-padding-top:90px;--awb-padding-top-medium:0px;--awb-padding-right-medium:0px;--awb-padding-bottom-medium:0px;--awb-padding-left-medium:0px;--awb-padding-top-small:0px;--awb-padding-right-small:0px;--awb-padding-bottom-small:0px;--awb-padding-left-small:0px;--awb-bg-size:cover;--awb-width-large:30%;--awb-margin-top-large:0px;--awb-spacing-right-large:0px;--awb-margin-bottom-large:0px;--awb-spacing-left-large:0px;--awb-width-medium:100%;--awb-order-medium:0;--awb-margin-top-medium:0px;--awb-spacing-right-medium:0px;--awb-margin-bottom-medium:0px;--awb-spacing-left-medium:0px;--awb-width-small:100%;--awb-order-small:0;--awb-margin-top-small:0px;--awb-spacing-right-small:0px;--awb-margin-bottom-small:0px;--awb-spacing-left-small:0px;\" data-scroll-devices=\"small-visibility,medium-visibility,large-visibility\"><div class=\"fusion-column-wrapper fusion-column-has-shadow fusion-flex-justify-content-center fusion-content-layout-column\"><div class=\"fusion-text fusion-text-3\" style=\"--awb-font-size:20px;--awb-text-color:#003a5d;--awb-text-font-family:&quot;FiraSans-Bold&quot;;--awb-text-font-style:normal;--awb-text-font-weight:400;\"><p>\u00danete al equipo de Viamed,<br \/>\nforma parte de nuestra familia<\/p>\n<\/div><div ><a class=\"fusion-button button-flat fusion-button-default-size button-custom fusion-button-default button-1 fusion-button-default-span \" style=\"--button_bevel_color:#f0f5f7;--button_bevel_color_hover:#f0f5f7;--button_accent_color:#003a5d;--button_border_color:#003a5d;--button_accent_hover_color:#ffffff;--button_border_hover_color:#787878;--button-border-radius-top-left:14px;--button-border-radius-top-right:14px;--button-border-radius-bottom-right:14px;--button-border-radius-bottom-left:14px;--button_gradient_top_color:#f0f5f7;--button_gradient_bottom_color:#f0f5f7;--button_gradient_top_color_hover:#00496e;--button_gradient_bottom_color_hover:#00496e;\" target=\"_self\" href=\"#\"><span class=\"fusion-button-text awb-button__text awb-button__text--default\">Adelante<\/span><\/a><\/div><\/div><\/div><\/div><\/div><\/p>\n","protected":false},"excerpt":{"rendered":"","protected":false},"author":1,"featured_media":0,"parent":0,"menu_order":0,"comment_status":"closed","ping_status":"closed","template":"100-width.php","meta":{"_acf_changed":false,"footnotes":""},"class_list":["post-564","page","type-page","status-publish","hentry"],"acf":[],"aioseo_notices":[],"_links":{"self":[{"href":"https:\/\/www.viamedsalud.com\/hospital-san-jose\/wp-json\/wp\/v2\/pages\/564","targetHints":{"allow":["GET"]}}],"collection":[{"href":"https:\/\/www.viamedsalud.com\/hospital-san-jose\/wp-json\/wp\/v2\/pages"}],"about":[{"href":"https:\/\/www.viamedsalud.com\/hospital-san-jose\/wp-json\/wp\/v2\/types\/page"}],"author":[{"embeddable":true,"href":"https:\/\/www.viamedsalud.com\/hospital-san-jose\/wp-json\/wp\/v2\/users\/1"}],"replies":[{"embeddable":true,"href":"https:\/\/www.viamedsalud.com\/hospital-san-jose\/wp-json\/wp\/v2\/comments?post=564"}],"version-history":[{"count":6,"href":"https:\/\/www.viamedsalud.com\/hospital-san-jose\/wp-json\/wp\/v2\/pages\/564\/revisions"}],"predecessor-version":[{"id":10350,"href":"https:\/\/www.viamedsalud.com\/hospital-san-jose\/wp-json\/wp\/v2\/pages\/564\/revisions\/10350"}],"wp:attachment":[{"href":"https:\/\/www.viamedsalud.com\/hospital-san-jose\/wp-json\/wp\/v2\/media?parent=564"}],"curies":[{"name":"wp","href":"https:\/\/api.w.org\/{rel}","templated":true}]}}