{"id":736,"date":"2020-06-11T11:15:08","date_gmt":"2020-06-11T11:15:08","guid":{"rendered":"http:\/\/www.viamedsalud.com\/montecanal\/?page_id=736"},"modified":"2021-11-22T12:54:34","modified_gmt":"2021-11-22T10:54:34","slug":"financiacion","status":"publish","type":"page","link":"https:\/\/www.viamedsalud.com\/hospital-montecanal\/financiacion\/","title":{"rendered":"Financiaci\u00f3n"},"content":{"rendered":"<div class=\"fusion-fullwidth fullwidth-box fusion-builder-row-1 nonhundred-percent-fullwidth non-hundred-percent-height-scrolling\" style=\"--awb-border-radius-top-left:0px;--awb-border-radius-top-right:0px;--awb-border-radius-bottom-right:0px;--awb-border-radius-bottom-left:0px;--awb-flex-wrap:wrap;\" ><div class=\"fusion-builder-row fusion-row\"><div class=\"fusion-layout-column fusion_builder_column fusion-builder-column-0 fusion_builder_column_1_6 1_6 fusion-one-sixth fusion-column-first\" style=\"--awb-bg-size:cover;width:16.666666666667%;width:calc(16.666666666667% - ( ( 4% + 4% ) * 0.16666666666667 ) );margin-right: 4%;\"><div class=\"fusion-column-wrapper fusion-column-has-shadow fusion-flex-column-wrapper-legacy\"><div class=\"fusion-clearfix\"><\/div><\/div><\/div><div class=\"fusion-layout-column fusion_builder_column fusion-builder-column-1 fusion_builder_column_2_3 2_3 fusion-two-third\" style=\"--awb-bg-size:cover;width:66.666666666667%;width:calc(66.666666666667% - ( ( 4% + 4% ) * 0.66666666666667 ) );margin-right: 4%;\"><div class=\"fusion-column-wrapper fusion-column-has-shadow fusion-flex-column-wrapper-legacy\"><div class=\"fusion-title title fusion-title-1 fusion-sep-none fusion-title-text fusion-title-size-three\" style=\"--awb-text-color:#1d537a;--awb-margin-top-small:10px;--awb-margin-right-small:0px;--awb-margin-bottom-small:10px;--awb-margin-left-small:0px;\"><h3 class=\"fusion-title-heading title-heading-left\" style=\"margin:0;\">Financiaci\u00f3n de tratamientos<\/h3><\/div><div class=\"fusion-sep-clear\"><\/div><div class=\"fusion-separator fusion-full-width-sep\" style=\"margin-left: auto;margin-right: auto;margin-bottom:20px;width:100%;\"><div class=\"fusion-separator-border sep-single sep-solid\" style=\"--awb-height:20px;--awb-amount:20px;--awb-sep-color:rgba(29,83,122,0.25);border-color:rgba(29,83,122,0.25);border-top-width:2px;\"><\/div><\/div><div class=\"fusion-sep-clear\"><\/div><div class=\"fusion-text fusion-text-1\"><p>El grupo Viamed Salud ha llegado a un acuerdo global con Santander Consumer Finance S.A. para la financiaci\u00f3n de tratamientos, con el fin de acercar nuestros servicios a los ciudadanos que necesiten asistencia sanitaria*.<\/p>\n<p>*La financiaci\u00f3n estar\u00e1 sujeta a estudio y aprobaci\u00f3n de Santander Consumer Finance, S.A.- Consulte las condiciones en su hospital\u201d.<\/p>\n<\/div><div class=\"fusion-modal modal fade modal-1 financiacion\" tabindex=\"-1\" role=\"dialog\" aria-labelledby=\"modal-heading-1\" aria-hidden=\"true\" style=\"--awb-border-color:#e2e2e2;--awb-background:#ffffff;\" id=\"popupModal\"><div class=\"modal-dialog modal-lg\" role=\"document\"><div class=\"modal-content fusion-modal-content\"><div class=\"modal-header\"><button class=\"close\" type=\"button\" data-dismiss=\"modal\" aria-hidden=\"true\" aria-label=\"Close\">&times;<\/button><h3 class=\"modal-title\" id=\"modal-heading-1\" data-dismiss=\"modal\" aria-hidden=\"true\">Financiaci\u00f3n de tratamientos<\/h3><\/div><div class=\"modal-body fusion-clearfix\">\n<p>El grupo Viamed Salud ha llegado a un acuerdo global con Santander Consumer Finance S.A. para la financiaci\u00f3n de tratamientos, con el fin de acercar nuestros servicios a los ciudadanos que necesiten asistencia sanitaria*.<\/p>\n<p>*La financiaci\u00f3n estar\u00e1 sujeta a estudio y aprobaci\u00f3n de Santander Consumer Finance, S.A.- Consulte las condiciones en su hospital\u201d.<\/p>\n<\/div><div class=\"modal-footer\"><button class=\"fusion-button button-default button-medium button default medium\" type=\"button\" data-dismiss=\"modal\">Close<\/button><\/div><\/div><\/div><\/div><div class=\"fusion-clearfix\"><\/div><\/div><\/div><div class=\"fusion-layout-column fusion_builder_column fusion-builder-column-2 fusion_builder_column_1_6 1_6 fusion-one-sixth fusion-column-last\" style=\"--awb-bg-size:cover;width:16.666666666667%;width:calc(16.666666666667% - ( ( 4% + 4% ) * 0.16666666666667 ) );\"><div class=\"fusion-column-wrapper fusion-column-has-shadow fusion-flex-column-wrapper-legacy\"><div class=\"fusion-clearfix\"><\/div><\/div><\/div><\/div><\/div>\n","protected":false},"excerpt":{"rendered":"","protected":false},"author":1,"featured_media":0,"parent":0,"menu_order":0,"comment_status":"closed","ping_status":"closed","template":"100-width.php","meta":{"_acf_changed":false,"footnotes":""},"class_list":["post-736","page","type-page","status-publish","hentry"],"acf":[],"aioseo_notices":[],"_links":{"self":[{"href":"https:\/\/www.viamedsalud.com\/hospital-montecanal\/wp-json\/wp\/v2\/pages\/736","targetHints":{"allow":["GET"]}}],"collection":[{"href":"https:\/\/www.viamedsalud.com\/hospital-montecanal\/wp-json\/wp\/v2\/pages"}],"about":[{"href":"https:\/\/www.viamedsalud.com\/hospital-montecanal\/wp-json\/wp\/v2\/types\/page"}],"author":[{"embeddable":true,"href":"https:\/\/www.viamedsalud.com\/hospital-montecanal\/wp-json\/wp\/v2\/users\/1"}],"replies":[{"embeddable":true,"href":"https:\/\/www.viamedsalud.com\/hospital-montecanal\/wp-json\/wp\/v2\/comments?post=736"}],"version-history":[{"count":0,"href":"https:\/\/www.viamedsalud.com\/hospital-montecanal\/wp-json\/wp\/v2\/pages\/736\/revisions"}],"wp:attachment":[{"href":"https:\/\/www.viamedsalud.com\/hospital-montecanal\/wp-json\/wp\/v2\/media?parent=736"}],"curies":[{"name":"wp","href":"https:\/\/api.w.org\/{rel}","templated":true}]}}