{"id":1133,"date":"2020-07-07T12:23:36","date_gmt":"2020-07-07T12:23:36","guid":{"rendered":"http:\/\/www.viamedsalud.com\/montecanal\/?page_id=1133"},"modified":"2020-07-07T16:21:49","modified_gmt":"2020-07-07T14:21:49","slug":"mapa","status":"publish","type":"page","link":"https:\/\/www.viamedsalud.com\/hospital-montecanal\/mapa\/","title":{"rendered":"Mapa"},"content":{"rendered":"<div class=\"fusion-fullwidth fullwidth-box fusion-builder-row-1 nonhundred-percent-fullwidth non-hundred-percent-height-scrolling\" style=\"--awb-border-radius-top-left:0px;--awb-border-radius-top-right:0px;--awb-border-radius-bottom-right:0px;--awb-border-radius-bottom-left:0px;--awb-padding-top:50px;--awb-padding-bottom:50px;--awb-margin-top:0px;--awb-margin-bottom:0px;--awb-background-color:#00afdd;--awb-flex-wrap:wrap;\" ><div class=\"fusion-builder-row fusion-row\"><div class=\"fusion-layout-column fusion_builder_column fusion-builder-column-0 fusion_builder_column_2_3 2_3 fusion-two-third fusion-column-first\" style=\"--awb-bg-size:cover;width:66.666666666667%;width:calc(66.666666666667% - ( ( 4% ) * 0.66666666666667 ) );margin-right: 4%;\"><div class=\"fusion-column-wrapper fusion-column-has-shadow fusion-flex-column-wrapper-legacy\"><div id=\"mapa\">\n<img decoding=\"async\" src=\"http:\/\/viamedvirgendelapaloma1.co4.es\/wp-content\/uploads\/2020\/07\/mapa_espana-800x622.png\" \/>\n\t<div onclick=\"centrosMurcia()\" class=\"puntoMapa\" id=\"mapaMurcia\" title=\"Murcia\"><span>1<\/span><\/div>\n\t<div onclick=\"centrosRioja()\" class=\"puntoMapa\" id=\"mapaRioja\" title=\"La Rioja\"><span>3<\/span><\/div>\n\t<div onclick=\"centrosSevilla()\" class=\"puntoMapa\" id=\"mapaSevilla\" title=\"Sevilla\"><span>4<\/span><\/div>\n\t<div onclick=\"centrosTarragona()\" class=\"puntoMapa\" id=\"mapaTarragona\" title=\"Tarragona\"><span>1<\/span><\/div>\n\t<div onclick=\"centrosHuesca()\" class=\"puntoMapa\" id=\"mapaHuesca\" title=\"Huesca\"><span>1<\/span><\/div>\n\t<div onclick=\"centrosZaragoza()\" class=\"puntoMapa\" id=\"mapaZaragoza\" title=\"Zaragoza\"><span>1<\/span><\/div>\n\t<div onclick=\"centrosMadrid()\" class=\"puntoMapa\" id=\"mapaMadrid\" title=\"Madrid\"><span>1<\/span><\/div>\n\t<div onclick=\"centrosCadiz()\" class=\"puntoMapa\" id=\"mapaCadiz\" title=\"C\u00e1diz\"><span>8<\/span><\/div>\n<\/div><div class=\"fusion-clearfix\"><\/div><\/div><\/div><div class=\"fusion-layout-column fusion_builder_column fusion-builder-column-1 fusion_builder_column_1_3 1_3 fusion-one-third fusion-column-last\" style=\"--awb-bg-size:cover;width:33.333333333333%;width:calc(33.333333333333% - ( ( 4% ) * 0.33333333333333 ) );\" id=\"centrosMapa\"><div class=\"fusion-column-wrapper fusion-column-has-shadow fusion-flex-column-wrapper-legacy\"><div class=\"fusion-text fusion-text-1\" id=\"centrosIntro\"><p><span style=\"color: #ffffff;\"><strong>NUESTROS CENTROS<\/strong><\/span><\/p>\n<p>Pulsa sobre el icono del mapa para ver los centros<\/p>\n<\/div><div class=\"fusion-text fusion-text-2 centroMapa\" id=\"map-murcia\"><p><span style=\"color: #ffffff;\"><strong>MURCIA<\/strong><\/span><\/p>\n<p>1.- Hospital Viamed San Jos\u00e9<br \/>\nCalle Maestra Lola Meseguer, s\/n,<br \/>\n30820 Alcantarilla, Murcia<\/p>\n<div class=\"video-shortcode\">\n<blockquote class=\"wp-embedded-content\" data-secret=\"G0yE80PgtZ\">\n<p><a href=\"https:\/\/www.viamedsalud.com\/sanjose\/\">Viamed San Jos\u00e9<\/a><\/p>\n<\/blockquote>\n<p><iframe class=\"wp-embedded-content\" sandbox=\"allow-scripts\" security=\"restricted\" style=\"position: absolute; clip: rect(1px, 1px, 1px, 1px);\" title=\"\u00abViamed San Jos\u00e9\u00bb \u2014 Viamed San Jos\u00e9\" src=\"https:\/\/www.viamedsalud.com\/sanjose\/embed\/#?secret=G0yE80PgtZ\" data-secret=\"G0yE80PgtZ\" width=\"600\" height=\"338\" frameborder=\"0\" marginwidth=\"0\" marginheight=\"0\" scrolling=\"no\"><\/iframe><\/div>\n<\/div><div class=\"fusion-text fusion-text-3 centroMapa\" id=\"map-rioja\"><p><strong><span style=\"color: #ffffff;\">LA RIOJA<\/span><\/strong><\/p>\n<p>1.- Hospital Viamed Los Manzanos<br \/>\nC\/ Hermanos Maristas, s\/n<br \/>\n26140 Lardero, Logro\u00f1o, La Rioja<\/p>\n<div class=\"video-shortcode\">\n<blockquote class=\"wp-embedded-content\" data-secret=\"85KEUHwt4d\">\n<p><a href=\"https:\/\/www.viamedsalud.com\/hospital-montecanal\/\">Viamed Montecanal<\/a><\/p>\n<\/blockquote>\n<p><iframe class=\"wp-embedded-content\" sandbox=\"allow-scripts\" security=\"restricted\" style=\"position: absolute; clip: rect(1px, 1px, 1px, 1px);\" title=\"\u00abViamed Montecanal\u00bb \u2014 Hospital Viamed Montecanal en Zaragoza\" src=\"https:\/\/www.viamedsalud.com\/hospital-montecanal\/embed\/#?secret=85KEUHwt4d\" data-secret=\"85KEUHwt4d\" width=\"600\" height=\"338\" frameborder=\"0\" marginwidth=\"0\" marginheight=\"0\" scrolling=\"no\"><\/iframe><\/div>\n<p>2.- Hospital Viamed Nuestra Se\u00f1ora de Valvanera<br \/>\nCalle Ram\u00f3n y Cajal,<br \/>\nLogro\u00f1o La Rioja , Espa\u00f1a<br \/>\n941 211 900<br \/>\nhttps:\/\/www.viamedvalvanera.com\/<\/p>\n<p>3.- Hospital Viamed Nuestra Se\u00f1ora Virgen del Carmen<br \/>\nC\/ Severo Ochoa,<br \/>\n26500 Calahorra, La Rioja<br \/>\n941 01 00 00<br \/>\nhttps:\/\/www.viamedvirgendelcarmen.com\/<\/p>\n<\/div><div class=\"fusion-text fusion-text-4 centroMapa\" id=\"map-sevilla\"><p><strong><span style=\"color: #ffffff;\">SEVILLA<\/span><\/strong><\/p>\n<p>1.- Viamed Santa \u00c1ngela de la Cruz<br \/>\nAv. de Jerez, 59<br \/>\n41014 Sevilla<br \/>\n954 03 20 00<\/p>\n<div class=\"video-shortcode\">\n<blockquote class=\"wp-embedded-content\" data-secret=\"LFNNmIkjJC\">\n<p><a href=\"https:\/\/www.viamedsalud.com\/santaangeladelacruz\/\">Viamed Santa \u00c1ngela de la Cruz<\/a><\/p>\n<\/blockquote>\n<p><iframe class=\"wp-embedded-content\" sandbox=\"allow-scripts\" security=\"restricted\" style=\"position: absolute; clip: rect(1px, 1px, 1px, 1px);\" title=\"\u00abViamed Santa \u00c1ngela de la Cruz\u00bb \u2014 Hospital Viamed Santa \u00c1ngela de la Cruz en Sevilla\" src=\"https:\/\/www.viamedsalud.com\/santaangeladelacruz\/embed\/#?secret=LFNNmIkjJC\" data-secret=\"LFNNmIkjJC\" width=\"600\" height=\"338\" frameborder=\"0\" marginwidth=\"0\" marginheight=\"0\" scrolling=\"no\"><\/iframe><\/div>\n<p>2.- Centro M\u00e9dico Alcal\u00e1 de Guada\u00edra<br \/>\nC.\/ Duquesa de Talavera, 5<br \/>\n41500 Alcal\u00e1 de Guada\u00edra , Sevilla<br \/>\nAndaluc\u00eda , Espa\u00f1a<br \/>\n955 319 849<\/p>\n<p>3.- Centro M\u00e9dico Bormujos<br \/>\nAv. Universidad de Salamanca, 10,<br \/>\n41930 Bormujos, Sevilla<br \/>\nTel\u00e9fono: 955 31 98 37<\/p>\n<p>4.- Centro M\u00e9dico Viamed Sevilla Este<br \/>\nAv. de las Ciencias, 25<br \/>\nSevilla<br \/>\n955 54 89 36<\/p>\n<\/div><div class=\"fusion-text fusion-text-5 centroMapa\" id=\"map-tarragona\"><p><span style=\"color: #ffffff;\"><strong>TARRAGONA<\/strong><\/span><\/p>\n<p>1.- Viamed Monegal<br \/>\nCarrer de L\u00f3pez Pel\u00e1ez, 15, 17<br \/>\nTarragona<br \/>\n977 22 50 12<\/p>\n<div class=\"video-shortcode\">\n<blockquote class=\"wp-embedded-content\" data-secret=\"CVGv1C1Pqt\">\n<p><a href=\"https:\/\/www.viamedsalud.com\/hospital-monegal\/\">Viamed Monegal<\/a><\/p>\n<\/blockquote>\n<p><iframe class=\"wp-embedded-content\" sandbox=\"allow-scripts\" security=\"restricted\" style=\"position: absolute; clip: rect(1px, 1px, 1px, 1px);\" title=\"\u00abViamed Monegal\u00bb \u2014 Viamed Monegal en Tarragona\" src=\"https:\/\/www.viamedsalud.com\/hospital-monegal\/embed\/#?secret=CVGv1C1Pqt\" data-secret=\"CVGv1C1Pqt\" width=\"600\" height=\"338\" frameborder=\"0\" marginwidth=\"0\" marginheight=\"0\" scrolling=\"no\"><\/iframe><\/div>\n<\/div><div class=\"fusion-text fusion-text-6 centroMapa\" id=\"map-huesca\"><p><span style=\"color: #ffffff;\"><strong>HUESCA<\/strong><\/span><\/p>\n<p>1.- Hospital Viamed Santiago<br \/>\nCalle Sari\u00f1ena, 12<br \/>\nHuesca<br \/>\n974 22 06 00<\/p>\n<div class=\"video-shortcode\">\n<blockquote class=\"wp-embedded-content\" data-secret=\"xPx6JmHBDY\">\n<p><a href=\"https:\/\/www.viamedsalud.com\/santiago\/\">Viamed Santiago<\/a><\/p>\n<\/blockquote>\n<p><iframe class=\"wp-embedded-content\" sandbox=\"allow-scripts\" security=\"restricted\" style=\"position: absolute; clip: rect(1px, 1px, 1px, 1px);\" title=\"\u00abViamed Santiago\u00bb \u2014 Viamed Santiago\" src=\"https:\/\/www.viamedsalud.com\/santiago\/embed\/#?secret=xPx6JmHBDY\" data-secret=\"xPx6JmHBDY\" width=\"600\" height=\"338\" frameborder=\"0\" marginwidth=\"0\" marginheight=\"0\" scrolling=\"no\"><\/iframe><\/div>\n<\/div><div class=\"fusion-text fusion-text-7 centroMapa\" id=\"map-zaragoza\"><p><span style=\"color: #ffffff;\"><strong>ZARAGOZA<\/strong><\/span><\/p>\n<p>1.- Viamed Montecanal<br \/>\nCalle Franz Schubert, 2<br \/>\n876 24 18 18<\/p>\n<div class=\"video-shortcode\">\n<blockquote class=\"wp-embedded-content\" data-secret=\"JHhc5rbvwZ\">\n<p><a href=\"https:\/\/www.viamedsalud.com\/hospital-montecanal\/\">Viamed Montecanal<\/a><\/p>\n<\/blockquote>\n<p><iframe class=\"wp-embedded-content\" sandbox=\"allow-scripts\" security=\"restricted\" style=\"position: absolute; clip: rect(1px, 1px, 1px, 1px);\" title=\"\u00abViamed Montecanal\u00bb \u2014 Hospital Viamed Montecanal en Zaragoza\" src=\"https:\/\/www.viamedsalud.com\/hospital-montecanal\/embed\/#?secret=JHhc5rbvwZ\" data-secret=\"JHhc5rbvwZ\" width=\"600\" height=\"338\" frameborder=\"0\" marginwidth=\"0\" marginheight=\"0\" scrolling=\"no\"><\/iframe><\/div>\n<\/div><div class=\"fusion-text fusion-text-8 centroMapa\" id=\"map-madrid\"><p><span style=\"color: #ffffff;\"><strong>MADRID<\/strong><\/span><\/p>\n<p>1.- Hospital Viamed Virgen de la Paloma<br \/>\nC. de la Loma, 1<br \/>\n915 34 82 07<\/p>\n<\/div><div class=\"fusion-text fusion-text-9 centroMapa\" id=\"map-cadiz\"><p><span style=\"color: #ffffff;\"><strong>C\u00c1DIZ<\/strong><\/span><\/p>\n<p>1.- Hospital Viamed Novo Sancti Petri<br \/>\nAv. Octavio Augusto, s\/n,<br \/>\n11139 Chiclana de la Frontera, C\u00e1diz<\/p>\n<div class=\"video-shortcode\">\n<blockquote class=\"wp-embedded-content\" data-secret=\"hVmlrJAJiy\">\n<p><a href=\"https:\/\/www.viamedsalud.com\/hospital-novo-sancti-petri\/\">Viamed Novo Sancti Petri<\/a><\/p>\n<\/blockquote>\n<p><iframe class=\"wp-embedded-content\" sandbox=\"allow-scripts\" security=\"restricted\" style=\"position: absolute; clip: rect(1px, 1px, 1px, 1px);\" title=\"\u00abViamed Novo Sancti Petri\u00bb \u2014 Viamed Novo\" src=\"https:\/\/www.viamedsalud.com\/hospital-novo-sancti-petri\/embed\/#?secret=hVmlrJAJiy\" data-secret=\"hVmlrJAJiy\" width=\"600\" height=\"338\" frameborder=\"0\" marginwidth=\"0\" marginheight=\"0\" scrolling=\"no\"><\/iframe><\/div>\n<p>2.- Hospital Viamed Bah\u00eda de C\u00e1diz<br \/>\nCalle Arroyuelo, 7<br \/>\n11130 Chiclana de la Frontera, C\u00e1diz<br \/>\n956 53 33 33<\/p>\n<div class=\"video-shortcode\">\n<blockquote class=\"wp-embedded-content\" data-secret=\"FR55xqNxuv\">\n<p><a href=\"https:\/\/www.viamedsalud.com\/hospital-bahia-de-cadiz\/\">Viamed Bah\u00eda de C\u00e1diz<\/a><\/p>\n<\/blockquote>\n<p><iframe class=\"wp-embedded-content\" sandbox=\"allow-scripts\" security=\"restricted\" style=\"position: absolute; clip: rect(1px, 1px, 1px, 1px);\" title=\"\u00abViamed Bah\u00eda de C\u00e1diz\u00bb \u2014 Viamed Bah\u00eda de C\u00e1diz\" src=\"https:\/\/www.viamedsalud.com\/hospital-bahia-de-cadiz\/embed\/#?secret=FR55xqNxuv\" data-secret=\"FR55xqNxuv\" width=\"600\" height=\"338\" frameborder=\"0\" marginwidth=\"0\" marginheight=\"0\" scrolling=\"no\"><\/iframe><\/div>\n<p>3.- Centro M\u00e9dico Viamed Ciudad de Algeciras<br \/>\nAvenida Virgen del Carmen, 51<br \/>\n11202 Algeciras, C\u00e1diz<br \/>\n956 63 98 50<\/p>\n<p>4.- Centro de fisioterapia<br \/>\nC\/ Arroyuelo, 9<br \/>\nChiclana de la Frontera<br \/>\nC\u00e1diz<\/p>\n<p>5.- Centro M\u00e9dico Viamed Las Palomas<br \/>\nPlaza del Retortillo, 3<br \/>\n11130 Chiclana de la Frontera, C\u00e1diz<br \/>\n956 53 33 33<\/p>\n<p>6.- Centro M\u00e9dico Viamed La Magdalena<br \/>\nCalle Almirante Cervera, 30A, Local 4<br \/>\n11100 San Fernando, C\u00e1diz<br \/>\n651 99 12 92<\/p>\n<p>7.- Centro M\u00e9dico Viamed Santa Ana<br \/>\nCamino de la Ermita<br \/>\n11205 Algeciras, C\u00e1diz<br \/>\n956 65 22 22<\/p>\n<p>8.- Centro M\u00e9dico Viamed La L\u00ednea<br \/>\nCalle Gabriel Mir\u00f3, 63<br \/>\n11300 La L\u00ednea de la Concepci\u00f3n, C\u00e1diz<br \/>\n625 93 67 74<\/p>\n<\/div><div class=\"fusion-clearfix\"><\/div><\/div><\/div><\/div><\/div>\n","protected":false},"excerpt":{"rendered":"","protected":false},"author":1,"featured_media":0,"parent":0,"menu_order":0,"comment_status":"closed","ping_status":"closed","template":"100-width.php","meta":{"_acf_changed":false,"footnotes":""},"class_list":["post-1133","page","type-page","status-publish","hentry"],"acf":[],"aioseo_notices":[],"_links":{"self":[{"href":"https:\/\/www.viamedsalud.com\/hospital-montecanal\/wp-json\/wp\/v2\/pages\/1133","targetHints":{"allow":["GET"]}}],"collection":[{"href":"https:\/\/www.viamedsalud.com\/hospital-montecanal\/wp-json\/wp\/v2\/pages"}],"about":[{"href":"https:\/\/www.viamedsalud.com\/hospital-montecanal\/wp-json\/wp\/v2\/types\/page"}],"author":[{"embeddable":true,"href":"https:\/\/www.viamedsalud.com\/hospital-montecanal\/wp-json\/wp\/v2\/users\/1"}],"replies":[{"embeddable":true,"href":"https:\/\/www.viamedsalud.com\/hospital-montecanal\/wp-json\/wp\/v2\/comments?post=1133"}],"version-history":[{"count":0,"href":"https:\/\/www.viamedsalud.com\/hospital-montecanal\/wp-json\/wp\/v2\/pages\/1133\/revisions"}],"wp:attachment":[{"href":"https:\/\/www.viamedsalud.com\/hospital-montecanal\/wp-json\/wp\/v2\/media?parent=1133"}],"curies":[{"name":"wp","href":"https:\/\/api.w.org\/{rel}","templated":true}]}}