{"id":2753,"date":"2021-04-26T17:29:59","date_gmt":"2021-04-26T15:29:59","guid":{"rendered":"http:\/\/viamedfuensanta.viamedvirgendelapaloma.com\/?page_id=2753"},"modified":"2022-05-13T14:49:42","modified_gmt":"2022-05-13T12:49:42","slug":"politica-de-cookies","status":"publish","type":"page","link":"https:\/\/www.viamedsalud.com\/hospital-fuensanta\/politica-de-cookies\/","title":{"rendered":"Pol\u00edtica de Cookies"},"content":{"rendered":"<div class=\"fusion-fullwidth fullwidth-box fusion-builder-row-1 fusion-flex-container nonhundred-percent-fullwidth non-hundred-percent-height-scrolling\" style=\"--awb-border-radius-top-left:0px;--awb-border-radius-top-right:0px;--awb-border-radius-bottom-right:0px;--awb-border-radius-bottom-left:0px;--awb-padding-right:5%;--awb-padding-left:60px;--awb-flex-wrap:wrap;\" ><div class=\"fusion-builder-row fusion-row fusion-flex-align-items-flex-start fusion-flex-content-wrap\" style=\"max-width:1248px;margin-left: calc(-4% \/ 2 );margin-right: calc(-4% \/ 2 );\"><div class=\"fusion-layout-column fusion_builder_column fusion-builder-column-0 fusion_builder_column_1_1 1_1 fusion-flex-column\" style=\"--awb-bg-size:cover;--awb-width-large:100%;--awb-margin-top-large:0px;--awb-spacing-right-large:1.92%;--awb-margin-bottom-large:20px;--awb-spacing-left-large:1.92%;--awb-width-medium:100%;--awb-order-medium:0;--awb-spacing-right-medium:1.92%;--awb-spacing-left-medium:1.92%;--awb-width-small:100%;--awb-order-small:0;--awb-spacing-right-small:1.92%;--awb-spacing-left-small:1.92%;\"><div class=\"fusion-column-wrapper fusion-column-has-shadow fusion-flex-justify-content-flex-start fusion-content-layout-column\"><div class=\"fusion-text fusion-text-1\" style=\"--awb-line-height:1.5;\"><p>Le informamos que, en cumplimiento de la normativa vigente en materia de protecci\u00f3n de datos, se utilizan cookies propias y de terceros.<\/p>\n<\/div><div class=\"fusion-title title fusion-title-1 fusion-sep-none fusion-title-text fusion-title-size-two\" style=\"--awb-text-color:#1d537a;--awb-margin-top-small:10px;--awb-margin-right-small:0px;--awb-margin-bottom-small:10px;--awb-margin-left-small:0px;\"><h2 class=\"fusion-title-heading title-heading-left\" style=\"margin:0;\">\u00bfQu\u00e9 son las Cookies?<\/h2><\/div><div class=\"fusion-text fusion-text-2\" style=\"--awb-line-height:1.5;\"><p>Una cookie es un fichero que se descarga en el dispositivo del usuario cuando se accede a una p\u00e1gina web o app, con la finalidad de almacenar y recuperar informaci\u00f3n sobre la navegaci\u00f3n que se realiza en el dispositivo.<\/p>\n<\/div><div class=\"fusion-title title fusion-title-2 fusion-sep-none fusion-title-text fusion-title-size-two\" style=\"--awb-text-color:#1d537a;--awb-margin-top-small:10px;--awb-margin-right-small:0px;--awb-margin-bottom-small:10px;--awb-margin-left-small:0px;\"><h2 class=\"fusion-title-heading title-heading-left\" style=\"margin:0;\">Tipos de cookies<\/h2><\/div><div class=\"fusion-text fusion-text-3\" style=\"--awb-line-height:1.5;\"><p>Seg\u00fan la entidad que las gestione:<\/p>\n<ul class=\"ulMargin50\">\n<li class=\"txt14\">Cookies propias. son aqu\u00e9llas que se env\u00edan al equipo terminal del usuario desde un equipo o dominio gestionado por el propio editor y desde el que se presta el servicio solicitado por el usuario.<\/li>\n<li class=\"txt14\"><span class=\"txtUnderline\">Cookies de tercero: son aquellas que se env\u00edan al equipo terminal del Usuario desde un equipo o dominio que no es gestionado por el editor, sino por otra entidad que trata los datos obtenidos a trav\u00e9s de las cookies.<\/span><\/li>\n<\/ul>\n<p>Seg\u00fan el tiempo que la cookie permanece activa en el equipo:<\/p>\n<ul>\n<li>Cookies de sesi\u00f3n: son cookies temporales que permanecen en el archivo de cookies de su navegador hasta que abandone la p\u00e1gina web o app, por lo que ninguna queda registrada en el dispositivo del usuario. La informaci\u00f3n obtenida por medio de estas cookies sirve para analizar las pautas de tr\u00e1fico de la web o app. A la larga, esto nos permite proporcionar una mejor experiencia para mejorar el contenido y facilitar su uso.<\/li>\n<li>Cookies permanentes: son almacenadas en el dispositivo y se identifican de nuevo cada vez que el usuario realiza una nueva visita. Una cookie permanente puede ser accedida y tratada durante un periodo definido por el responsable de la cookie, despu\u00e9s de esa fecha dejar\u00e1 de funcionar.<\/li>\n<\/ul>\n<p>Seg\u00fan su finalidad:<\/p>\n<ul>\n<li>Cookies t\u00e9cnicas: Permiten al usuario la navegaci\u00f3n a trav\u00e9s de una p\u00e1gina web o app y la utilizaci\u00f3n de las diferentes opciones o servicios que en ella existan.<\/li>\n<li>Cookies de personalizaci\u00f3n: Permiten al usuario acceder al servicio con algunas caracter\u00edsticas de car\u00e1cter general predefinidas en funci\u00f3n de una serie de criterios en el terminal del usuario como, por ejemplo, el idioma, el tipo de navegador a trav\u00e9s del cual accede al servicio, la configuraci\u00f3n regional desde donde accede al servicio, etc.<\/li>\n<li>Cookies de an\u00e1lisis: Permiten al responsable de las mismas el seguimiento y an\u00e1lisis del comportamiento de los usuarios a los que est\u00e1n vinculadas. La informaci\u00f3n recogida mediante este tipo de cookies se utiliza en la medici\u00f3n de la actividad de los sitios web o apps y para la elaboraci\u00f3n de perfiles de navegaci\u00f3n de los usuarios de dichos sitios, aplicaciones y plataformas, con el fin de introducir mejoras en funci\u00f3n del an\u00e1lisis de los datos de uso que hacen los usuarios del servicio.<\/li>\n<li>Cookies publicitarias<br \/>\nPermiten la gesti\u00f3n, de la forma m\u00e1s eficaz posible, de los espacios publicitarios que, en su caso, el editor haya incluido en una p\u00e1gina web o app desde la que presta el servicio solicitado en base a criterios como el contenido editado o la frecuencia en la que se muestran los anuncios.<\/li>\n<li>Cookies de publicidad comportamental<br \/>\nEstas cookies almacenan informaci\u00f3n del comportamiento de los usuarios obtenida a trav\u00e9s de la observaci\u00f3n continuada de sus h\u00e1bitos de navegaci\u00f3n, lo que permite desarrollar un perfil espec\u00edfico para mostrar publicidad en funci\u00f3n del mismo.<\/li>\n<\/ul>\n<\/div><div class=\"fusion-title title fusion-title-3 fusion-sep-none fusion-title-text fusion-title-size-two\" style=\"--awb-text-color:#1d537a;--awb-margin-top-small:10px;--awb-margin-right-small:0px;--awb-margin-bottom-small:10px;--awb-margin-left-small:0px;\"><h2 class=\"fusion-title-heading title-heading-left\" style=\"margin:0;\">\u00bfQu\u00e9 tipo de cookies utiliza esta p\u00e1gina web?<\/h2><\/div><div class=\"fusion-text fusion-text-4\" style=\"--awb-line-height:1.5;\"><p>Cl\u00ednica Santa \u00c1ngela de la Cruz, S.L hace uso de cookies propias y de terceros, en concreto, complementos externos de Google. Su uso implica la remisi\u00f3n de cookies. Para m\u00e1s informaci\u00f3n consulte: C\u00f3mo utiliza Google las cookies<br \/>\nLa informaci\u00f3n que recogen los complementos externos de Google en nuestro Sitio Web, incluyendo la direcci\u00f3n IP del usuario, puede ser transmitida a Google y almacenada en sus servidores, que implica una transferencia internacional de datos a Estados Unidos, pa\u00eds que no ofrece un nivel de protecci\u00f3n equivalente al de la Uni\u00f3n Europea. Esta informaci\u00f3n es gestionada enteramente por Google.<br \/>\nPara m\u00e1s informaci\u00f3n consulte:\u00a0Tipos de cookies que utiliza Google\u00a0 y la Pol\u00edtica de Privacidad de Google:\u00a0Pol\u00edtica de privacidad<br \/>\nEn relaci\u00f3n a la Transferencia Internacional de Datos personales (en adelante, \u201cTID\u201d) a Estados Unidos, le informamos que desde la Sentencia del Tribunal de Justicia de la Uni\u00f3n Europea del 16 de julio de 2020 (Asunto C-311\/18) es considerado pa\u00eds no adecuado debido al acceso de datos personales de ciudadanos europeos por parte de autoridades sin garantizar el cumplimiento de los derechos de los interesados afectados por la normativa FISA (Foreign Intelligence Surveillance Act).<br \/>\nNuestro sitio web \u00fanicamente realizar\u00e1 las TID indicadas anteriormente si se dispone del consentimiento del usuario (a trav\u00e9s de la aceptaci\u00f3n de la instalaci\u00f3n de cookies en el banner informativo inicial) y una vez informado de los posibles riesgos a trav\u00e9s de la presente pol\u00edtica de cookies.<br \/>\nA continuaci\u00f3n, se facilita informaci\u00f3n acerca de las cookies habilitadas:<\/p>\n<table style=\"border-collapse: collapse; width: 100%;\">\n<tbody>\n<tr>\n<td style=\"width: 20%;\">Nombre<\/td>\n<td style=\"width: 20%;\">Tipo<\/td>\n<td style=\"width: 20%;\">Titular<\/td>\n<td style=\"width: 20%;\">Duraci\u00f3n<\/td>\n<td style=\"width: 20%;\">Finalidad<\/td>\n<\/tr>\n<tr>\n<td style=\"width: 20%;\">_gat<\/p>\n<p>_gid<\/p>\n<p>_ga<\/td>\n<td style=\"width: 20%;\">Cookie de an\u00e1lisis<\/td>\n<td style=\"width: 20%;\">Google Analytics<\/td>\n<td style=\"width: 20%;\">2 a\u00f1os<\/td>\n<td style=\"width: 20%;\">Conjunto de cookies que recoge informaci\u00f3n y ofrece estad\u00edsticas de uso de la p\u00e1gina web<\/td>\n<\/tr>\n<\/tbody>\n<\/table>\n<\/div><div class=\"fusion-title title fusion-title-4 fusion-sep-none fusion-title-text fusion-title-size-two\" style=\"--awb-text-color:#1d537a;--awb-margin-top-small:10px;--awb-margin-right-small:0px;--awb-margin-bottom-small:10px;--awb-margin-left-small:0px;\"><h2 class=\"fusion-title-heading title-heading-left\" style=\"margin:0;\">\u00bfQui\u00e9n utiliza las Cookies?<\/h2><\/div><div class=\"fusion-text fusion-text-5\" style=\"--awb-line-height:1.5;\"><p class=\"txt14\">La informaci\u00f3n obtenida a trav\u00e9s de las Cookies ser\u00e1 tratada con las finalidades y plazos indicados en la presente Pol\u00edtica.<br \/>\nAsimismo, esta informaci\u00f3n tambi\u00e9n se incorporar\u00e1 a los ficheros de las empresas proveedoras de las Cookies de Terceros indicadas en el presente documento, siendo tratada con las finalidades indicadas en sus respectivas pol\u00edticas de privacidad.<br \/>\nSi acepta las cookies de terceros, deber\u00e1 eliminarlas desde las opciones del navegador o desde el sistema ofrecido por el propio tercero.<br \/>\nLa base jur\u00eddica que legitima estos tratamientos es el consentimiento del usuario, prestado a trav\u00e9s de las opciones de configuraci\u00f3n de cookies; no obstante, el usuario podr\u00e1 rechazar el uso de Cookies mediante los mecanismos indicados a continuaci\u00f3n.<\/p>\n<\/div><div class=\"fusion-title title fusion-title-5 fusion-sep-none fusion-title-text fusion-title-size-two\" style=\"--awb-text-color:#1d537a;--awb-margin-top-small:10px;--awb-margin-right-small:0px;--awb-margin-bottom-small:10px;--awb-margin-left-small:0px;\"><h2 class=\"fusion-title-heading title-heading-left\" style=\"margin:0;\">\u00bfC\u00f3mo cambio mi configuraci\u00f3n de cookies?<\/h2><\/div><div class=\"fusion-text fusion-text-6\" style=\"--awb-line-height:1.5;\"><p>Puede revisar su configuraci\u00f3n de cookies a trav\u00e9s del Panel de configuraci\u00f3n. Tambi\u00e9n puede usted permitir, bloquear o eliminar las cookies instaladas en su equipo mediante la configuraci\u00f3n de las opciones del navegador instalado en su dispositivo. Por favor, lea atentamente la secci\u00f3n de ayuda de su navegador para conocer m\u00e1s acerca de c\u00f3mo activar el \u201cmodo privado\u201d o desbloquear determinadas cookies.<br \/>\n\u2981 Microsoft Explorer: Puede consultar el <a href=\"https:\/\/support.microsoft.com\/es-es\/windows\/eliminar-y-administrar-cookies-168dab11-0753-043d-7c16-ede5947fc64d\" target=\"_blank\" rel=\"noopener noreferrer\">soporte de Microsoft<\/a> o la Ayuda del navegador.<br \/>\n\u2981 Microsoft Edge: Puede consultar el <a href=\"https:\/\/support.microsoft.com\/es-es\/microsoft-edge\/eliminar-las-cookies-en-microsoft-edge-63947406-40ac-c3b8-57b9-2a946a29ae09\" target=\"_blank\" rel=\"noopener noreferrer\">soporte de Microsoft<\/a> o la Ayuda del navegador.<br \/>\n\u2981 Firefox: Puede consultar el <a href=\"https:\/\/support.mozilla.org\/es\/kb\/Borrar%20cookies\" target=\"_blank\" rel=\"noopener noreferrer\">soporte de Mozilla<\/a> o la Ayuda del navegador.<br \/>\n\u2981 Chrome: Puede consultar el <a href=\"https:\/\/support.google.com\/chrome\/answer\/95647?co=GENIE.Platform%3DDesktop&amp;hl=es\" target=\"_blank\" rel=\"noopener noreferrer\">soporte de Google<\/a> o la Ayuda del navegador.<br \/>\n\u2981 Safari: Puede consultar el <a href=\"https:\/\/support.apple.com\/es-es\/guide\/safari\/sfri11471\/mac\" target=\"_blank\" rel=\"noopener noreferrer\">soporte de Apple<\/a> o la Ayuda del navegador.<br \/>\n\u2981 Android: en Men\u00fa &gt; Ajustes &gt; Seguridad y Privacidad &gt; Aceptar cookies para que active o desactive la casilla. Para m\u00e1s informaci\u00f3n puede consultar el <a href=\"https:\/\/support.google.com\/android\/?hl=es#topic=7313011\" target=\"_blank\" rel=\"noopener noreferrer\">soporte de Google<\/a><\/p>\n<\/div><div class=\"fusion-title title fusion-title-6 fusion-sep-none fusion-title-text fusion-title-size-two\" style=\"--awb-text-color:#1d537a;--awb-margin-top-small:10px;--awb-margin-right-small:0px;--awb-margin-bottom-small:10px;--awb-margin-left-small:0px;\"><h2 class=\"fusion-title-heading title-heading-left\" style=\"margin:0;\">Actualizaciones y cambios en la Pol\u00edtica de Cookies<\/h2><\/div><div class=\"fusion-text fusion-text-7\" style=\"--awb-line-height:1.5;\"><p>La variaci\u00f3n de las cookies que aparezcan en esta web puede no estar relacionada con la gesti\u00f3n y el mantenimiento de esta, por lo que se llevan a cabo revisiones peri\u00f3dicas para adecuar la pol\u00edtica de cookies.<br \/>\nEl titular no asume ninguna responsabilidad por problemas legales o t\u00e9cnicos causados por el incumplimiento por parte del Usuario de las recomendaciones incluidas y no se hace responsable del contenido y veracidad de las pol\u00edticas de privacidad de terceros.<br \/>\nEsta Pol\u00edtica de Cookies podr\u00e1 ser modificada en funci\u00f3n de exigencias legislativas, reglamentarias o con la finalidad de adaptar dicha pol\u00edtica a las instrucciones dictadas por la Agencia Espa\u00f1ola de Protecci\u00f3n de Datos, por ello se aconseja a los Usuarios que la visiten peri\u00f3dicamente.<\/p>\n<p>\u00daltima actualizaci\u00f3n: 5\/05\/2022<\/p>\n<\/div><\/div><\/div><\/div><\/div>\n","protected":false},"excerpt":{"rendered":"","protected":false},"author":1,"featured_media":0,"parent":0,"menu_order":0,"comment_status":"closed","ping_status":"closed","template":"","meta":{"_acf_changed":false,"footnotes":""},"class_list":["post-2753","page","type-page","status-publish","hentry"],"acf":[],"aioseo_notices":[],"_links":{"self":[{"href":"https:\/\/www.viamedsalud.com\/hospital-fuensanta\/wp-json\/wp\/v2\/pages\/2753","targetHints":{"allow":["GET"]}}],"collection":[{"href":"https:\/\/www.viamedsalud.com\/hospital-fuensanta\/wp-json\/wp\/v2\/pages"}],"about":[{"href":"https:\/\/www.viamedsalud.com\/hospital-fuensanta\/wp-json\/wp\/v2\/types\/page"}],"author":[{"embeddable":true,"href":"https:\/\/www.viamedsalud.com\/hospital-fuensanta\/wp-json\/wp\/v2\/users\/1"}],"replies":[{"embeddable":true,"href":"https:\/\/www.viamedsalud.com\/hospital-fuensanta\/wp-json\/wp\/v2\/comments?post=2753"}],"version-history":[{"count":0,"href":"https:\/\/www.viamedsalud.com\/hospital-fuensanta\/wp-json\/wp\/v2\/pages\/2753\/revisions"}],"wp:attachment":[{"href":"https:\/\/www.viamedsalud.com\/hospital-fuensanta\/wp-json\/wp\/v2\/media?parent=2753"}],"curies":[{"name":"wp","href":"https:\/\/api.w.org\/{rel}","templated":true}]}}